{"id":11,"date":"2024-05-02T15:39:19","date_gmt":"2024-05-02T15:39:19","guid":{"rendered":"https:\/\/fermenomade.eu\/?page_id=11"},"modified":"2026-04-13T09:36:58","modified_gmt":"2026-04-13T09:36:58","slug":"volante-solo-pour-une-maraichere","status":"publish","type":"page","link":"https:\/\/fermenomade.eu\/nl\/volante-solo-pour-une-maraichere\/","title":{"rendered":"Volante"},"content":{"rendered":"<div class=\"wp-block-group alignwide has-global-padding is-layout-constrained wp-container-core-group-is-layout-28580c2a wp-block-group-is-layout-constrained\">\n<h2 class=\"wp-block-heading has-text-align-left\">Solo pour une mara\u00eech\u00e8re<\/h2>\n\n\n\n<div class=\"wp-block-media-text is-stacked-on-mobile is-image-fill-element\"><figure class=\"wp-block-media-text__media\"><img loading=\"lazy\" decoding=\"async\" width=\"683\" height=\"1024\" src=\"https:\/\/fermenomade.eu\/wp-content\/uploads\/2024\/05\/Armelle_valisse-19-2-683x1024.jpg\" alt=\"\" class=\"wp-image-149 size-full\" style=\"object-position:52% 18%\" srcset=\"https:\/\/fermenomade.eu\/wp-content\/uploads\/2024\/05\/Armelle_valisse-19-2-683x1024.jpg 683w, https:\/\/fermenomade.eu\/wp-content\/uploads\/2024\/05\/Armelle_valisse-19-2-200x300.jpg 200w, https:\/\/fermenomade.eu\/wp-content\/uploads\/2024\/05\/Armelle_valisse-19-2-768x1152.jpg 768w, https:\/\/fermenomade.eu\/wp-content\/uploads\/2024\/05\/Armelle_valisse-19-2-1024x1536.jpg 1024w, https:\/\/fermenomade.eu\/wp-content\/uploads\/2024\/05\/Armelle_valisse-19-2-1365x2048.jpg 1365w, https:\/\/fermenomade.eu\/wp-content\/uploads\/2024\/05\/Armelle_valisse-19-2-scaled.jpg 1707w\" sizes=\"auto, (max-width: 683px) 100vw, 683px\" \/><\/figure><div class=\"wp-block-media-text__content\">\n<p class=\"has-large-font-size\"><em>Imagin\u00e9 comme une visite fictive de ferme par le th\u00e9\u00e2tre et la danse, Volante&nbsp;s\u2019adapte aux lieux agricoles, espaces verts, jardins p\u00e9dagogiques et familiaux.<\/em><\/p>\n\n\n\n<p>C\u2019est l\u2019histoire d\u2019une jeune femme qui a repris en urgence la ferme familiale pour \u00e9viter de voir dispara\u00eetre cet h\u00e9ritage. Elle propose au public une visite de ferme \u00e0 travers ses histoires et ses gestes. En \u00e9voquant son grand-p\u00e8re, elle partage la joie de trouver sa place dans la lign\u00e9e en cultivant les \u00e9chalotes dites d\u2019ici.<\/p>\n\n\n\n<p>Mais \u00e0 travers son r\u00e9cit sont aussi \u00e9voqu\u00e9es les difficult\u00e9s li\u00e9es \u00e0 une installation paysanne. Comment tenir le cap face aux d\u00e9fis lanc\u00e9s par la m\u00e9t\u00e9o et le contexte soci\u00e9tal tout en pr\u00e9servant la libert\u00e9 qui honore celleux qui pratiquent ce m\u00e9tier essentiel ? Quelles traces laissent des mouvements r\u00e9p\u00e9t\u00e9s par milliers dans un corps dansant ? Qu\u2019est-ce que cette conscience corporelle nous donne \u00e0 voir du travail ? Et comment faire corps avec une terre tout en \u00e9tant conscient.e des limites de la propri\u00e9t\u00e9 ?<\/p>\n\n\n\n<div style=\"height:20px\" aria-hidden=\"true\" class=\"wp-block-spacer\"><\/div>\n\n\n\n<ul class=\"wp-block-list is-style-checkmark-list\">\n<li><em>50 minutes en d\u00e9ambulation<\/em><\/li>\n\n\n\n<li><em>Tout public<\/em><\/li>\n<\/ul>\n\n\n\n<div style=\"height:20px\" aria-hidden=\"true\" class=\"wp-block-spacer\"><\/div>\n\n\n\n<p class=\"has-text-align-left\"><strong>Texte &#8211; Jeu<\/strong><br>Armelle Verrips<\/p>\n\n\n\n<p class=\"has-text-align-left\"><strong>Texte &#8211; Mise en sc\u00e8ne<\/strong><br>Camille Faucherre<\/p>\n\n\n\n<p class=\"has-text-align-left\"><strong>Chor\u00e9graphie<\/strong><br>Cl\u00e9mentine Vanlerberghe<\/p>\n\n\n\n<p class=\"has-text-align-left\"><strong>Costume<br><\/strong>Javier Murugarren<\/p>\n\n\n\n<p><strong>Photos <\/strong><br>Gabriela Tellez<\/p>\n\n\n\n<p><\/p>\n\n\n\n<p><\/p>\n<\/div><\/div>\n<\/div>\n\n\n\n<div style=\"height:50px\" aria-hidden=\"true\" class=\"wp-block-spacer\"><\/div>\n\n\n\n<div class=\"wp-block-buttons is-content-justification-center is-layout-flex wp-container-core-buttons-is-layout-a89b3969 wp-block-buttons-is-layout-flex\">\n<div class=\"wp-block-button\"><a class=\"wp-block-button__link wp-element-button\" href=\"https:\/\/fermenomade.eu\/nl\/volante-solo-pour-une-maraichere\/galerie-volante\/\">Voir la galerie de photos<\/a><\/div>\n\n\n\n<div class=\"wp-block-button\"><a class=\"wp-block-button__link wp-element-button\" href=\"https:\/\/fermenomade.eu\/nl\/volante-solo-pour-une-maraichere\/atelier\/\">Sensibilisation<\/a><\/div>\n\n\n\n<div class=\"wp-block-button is-style-outline is-style-outline--1\"><a class=\"wp-block-button__link wp-element-button\" href=\"https:\/\/fermenomade.eu\/nl\/contact\/\">Dossier \/ Contact<\/a><\/div>\n<\/div>\n\n\n\n<div style=\"height:50px\" aria-hidden=\"true\" class=\"wp-block-spacer\"><\/div>\n\n\n\n<h2 class=\"wp-block-heading has-text-align-center\">Vid\u00e9os de pr\u00e9sentation<\/h2>\n\n\n\n<div style=\"height:50px\" aria-hidden=\"true\" class=\"wp-block-spacer\"><\/div>\n\n\n\n<div class=\"wp-block-group alignfull has-global-padding is-layout-constrained wp-block-group-is-layout-constrained\">\n<div class=\"wp-block-group has-global-padding is-layout-constrained wp-block-group-is-layout-constrained\">\n<iframe loading=\"lazy\" width=\"100%\" height=\"500\" src=\"https:\/\/www.youtube.com\/embed\/agcuWbz0-qY?si=X8-8PVIEe_Zx7jLW\" title=\"YouTube video player\" frameborder=\"0\" allow=\"accelerometer; autoplay; clipboard-write; encrypted-media; gyroscope; picture-in-picture; web-share\" referrerpolicy=\"strict-origin-when-cross-origin\" allowfullscreen><\/iframe>\n<\/div>\n<\/div>\n\n\n\n<div style=\"height:25px\" aria-hidden=\"true\" class=\"wp-block-spacer\"><\/div>\n\n\n\n\n\n<hr class=\"wp-block-separator has-alpha-channel-opacity\" style=\"margin-top:var(--wp--preset--spacing--30);margin-bottom:var(--wp--preset--spacing--30)\"\/>\n\n\n\n<div style=\"height:25px\" aria-hidden=\"true\" class=\"wp-block-spacer\"><\/div>\n\n\n\n<div class=\"wp-block-columns alignwide is-layout-flex wp-container-core-columns-is-layout-28f84493 wp-block-columns-is-layout-flex\">\n<div class=\"wp-block-column is-layout-flow wp-block-column-is-layout-flow\">\n<div class=\"wp-block-group has-global-padding is-layout-constrained wp-container-core-group-is-layout-55918c90 wp-block-group-is-layout-constrained\" style=\"margin-top:0;margin-bottom:0\">\n<h2 class=\"wp-block-heading has-text-align-center\"><strong>Tourn\u00e9e<\/strong> 2026<\/h2>\n\n\n\n<ul class=\"wp-block-list\">\n<li><strong>Samedi 14 mars<\/strong> 18.00 Ferme du Monthois \u00e0 Beaurainville (62) par communaut\u00e9 de communes des 7 vall\u00e9es dans le cadre de la journ\u00e9e de l&rsquo;agricultrice<\/li>\n\n\n\n<li><strong>Mercredi 3 juin<\/strong> 19.00 La Cl\u00e9 du Champs, Chemin du petit haut-bois \u00e0 Saint Jacques de la Lande (35)<\/li>\n\n\n\n<li><strong>Vendredi 5 juin<\/strong> 20.00 Ferme de la Rocheraie \u00e0 Corps-Nuds (35)<\/li>\n\n\n\n<li><strong>Dimanche 7 juin<\/strong> 11.00 \u00e0 la coloc de la pointe du Roselier Pl\u00e9rin (22)<\/li>\n\n\n\n<li><strong>Samedi 18 juillet<\/strong> La ferme d&rsquo;Andr\u00e9a \u00e0 Grand-Bourg (23)<\/li>\n<\/ul>\n\n\n\n<h2 class=\"wp-block-heading has-text-align-center\"><strong>Tourn\u00e9e<\/strong> 2025<\/h2>\n\n\n\n<ul class=\"wp-block-list\">\n<li><strong>Samedi 24 mai<\/strong> 16.00 aux Jardins de la Traverse, 25 Grand chemin, Floyon (59)<\/li>\n\n\n\n<li><strong>Jeudi 29 mai<\/strong> 14.00 et 16.00 F\u00eate de la Bassure, Achicourt (62)<\/li>\n\n\n\n<li><strong>Samedi 26 juillet<\/strong> 18.00 Ferme des Aigrettes, 181 all\u00e9e de la d\u00e9couverte, Marck (62)<\/li>\n\n\n\n<li><strong>Dimanche 5 Octobre<\/strong> 15.00 Cyclotour par R\u00e9seau des Amap chez Claire Monnier, Enneti\u00e8res en Weppes (59)<\/li>\n<\/ul>\n\n\n\n<div style=\"height:50px\" aria-hidden=\"true\" class=\"wp-block-spacer\"><\/div>\n\n\n\n<h2 class=\"wp-block-heading has-text-align-center\"><strong>Tourn\u00e9e<\/strong> 2024<\/h2>\n\n\n\n<ul class=\"wp-block-list\">\n<li><strong>Samedi 18 mai<\/strong> 18.30 Ferme Vaulumier avec <a href=\"https:\/\/lartisane-cie.org\/agenda\/\">Compagnie L&rsquo;Artisane<\/a> (72)<\/li>\n\n\n\n<li><a href=\"https:\/\/www.facebook.com\/events\/887038339843384\/?acontext=%7B%22event_action_history%22%3A[%7B%22mechanism%22%3A%22search_results%22%2C%22surface%22%3A%22bookmark_search%22%7D]%2C%22ref_notif_type%22%3Anull%7D\"><strong>Samedi 25 mai<\/strong> Au nom d&rsquo;une ferme, La Robini\u00e8re,  Luch\u00e9-Pring\u00e9<\/a> avec <a href=\"https:\/\/lartisane-cie.org\/agenda\/\">Compagnie L&rsquo;Artisane<\/a> (72)<\/li>\n\n\n\n<li><strong>Samedi 1er juin<\/strong> 15.00 Amap des Bois, Enneti\u00e8res en Weppes (59)<\/li>\n\n\n\n<li><a href=\"https:\/\/goutezlaqualite.com\/2024\/03\/27\/fete-du-lait-bio-rendez-vous-dimanche-2-juin\/\"><strong>Dimanche 2 juin<\/strong> 14.00 Ferme Anthony Demanez. F\u00eate du Lait<\/a>, Marbaix (59)<\/li>\n\n\n\n<li><strong>Samedi 22 Juin<\/strong> 17.00 Amap des Weppes, Hantay (59)* (* = dans le cadre de Plaines d&rsquo;\u00e9t\u00e9.)<\/li>\n\n\n\n<li><strong>Mardi 2 juillet<\/strong> 18.30 Les Tinctoriales, Lille (59)*.<\/li>\n\n\n\n<li><strong>Samedi 6 juillet<\/strong> 16.00 La Prairie, Bondues (59)*.<\/li>\n\n\n\n<li><strong>Dimanche 7 juillet<\/strong> 11.00 Ferme du Beck avec Festival Art-Penteurs des Coeur de Flandres Agglo,  Bailleul (59)*.<\/li>\n\n\n\n<li><strong>Dimanche <a href=\"https:\/\/www.facebook.com\/legrandbainlelieu\/?locale=fr_FR\">28 juillet<\/a><\/strong><a href=\"https:\/\/www.facebook.com\/legrandbainlelieu\/?locale=fr_FR\"> 11.00 Plume \u00e0 Loup, Attin<\/a> (62) avec Le Grand Bain itin\u00e9rant.<\/li>\n\n\n\n<li><strong>Dimanche 4 ao\u00fbt <\/strong>16.00 <a href=\"https:\/\/www.laboutillerie.fr\/?Home\">Ferme de la Boutillerie,<\/a> Wattrelos (59)*.<\/li>\n\n\n\n<li><strong><strong>Dimanche<\/strong><\/strong> <strong>11 ao\u00fbt<\/strong> 14.30 <a href=\"https:\/\/www.facebook.com\/profile.php?id=100057027147251\">Ferme du Piopot<\/a>, F\u00e9ron (59)*.<\/li>\n\n\n\n<li><strong>Dimanche 18 ao\u00fbt<\/strong> 16.00 Mus\u00e9e de la Vie Rurale, Steenwerck (59)*.<\/li>\n\n\n\n<li><strong>Dimanche 1er septembre<\/strong> 15.00 <a href=\"https:\/\/lacenseinverse.wordpress.com\">Habitat Partag\u00e9 la Cense Inverse<\/a>, Sam\u00e9on (59).<\/li>\n\n\n\n<li><strong>Samedi 7 septembre<\/strong> 17.00 <a href=\"https:\/\/fermeurbainedutrichon.fr\" data-type=\"link\" data-id=\"https:\/\/fermeurbainedutrichon.fr\">Ferme Urbaine du Trichon<\/a>, Roubaix (59)*.<\/li>\n\n\n\n<li><strong>Dimanche 8 septembre<\/strong> 15.30 <a href=\"https:\/\/www.lacasseline.fr\">La Casseline<\/a>,  Cassel (59)* avec Sainte-Marie-Cappel en transition, suivi d&rsquo;un d\u00e9bat.<\/li>\n\n\n\n<li><strong>Samedi 14 septembre<\/strong> 15.00 <a href=\"https:\/\/www.facebook.com\/fermedumoulindacq\">Ferme du Moulin<\/a> avec Arr\u00eat Cr\u00e9ation, Fl\u00e9chin (62) *.<\/li>\n\n\n\n<li><strong>Vendredi 20 septembre<\/strong> 19.00<a href=\"https:\/\/ile-aux-fruits.fr\/\"> L&rsquo;\u00eele aux fruits<\/a>, Amiens (80)*.<\/li>\n\n\n\n<li><strong>Samedi 21 septembre<\/strong> 17.00 <a href=\"https:\/\/www.facebook.com\/fmaoi\/\">Ferme de la Motte aux Oies<\/a>, Le Doulieu (59)*.<\/li>\n\n\n\n<li><strong>Dimanche 22 septembre<\/strong> 16.00 <a href=\"https:\/\/www.facebook.com\/profile.php?id=61550330500591\">Potager de la Grande Ourse<\/a>, Marcq en Baroeul (59)* <\/li>\n\n\n\n<li><strong>Mercredi 25 septembre<\/strong> 18.00 au <a href=\"https:\/\/www.facebook.com\/aumaraissage\">Marais Sage<\/a>, avec l&rsquo;association <a href=\"https:\/\/www.facebook.com\/Toutunmonde62\/\">Tout un Monde<\/a>. Atelier danse \u00e0 17.00 avec Cl\u00e9mentine Vanlerberghe.<\/li>\n\n\n\n<li><strong>Dimanche 29 septembre<\/strong> 15.30 <a href=\"https:\/\/www.facebook.com\/tournichette\">Panier de la Tournichette<\/a>, , Wargnies-le-Petit (59) dans le cadre de la Tourni&rsquo;F\u00eate.<\/li>\n<\/ul>\n\n\n\n<div style=\"height:50px\" aria-hidden=\"true\" class=\"wp-block-spacer\"><\/div>\n\n\n\n<p class=\"has-text-align-left\">Merci aux paysannes et paysans pour leur accueil, les heures de travail ensemble et le partage de tant d&rsquo;histoires et de gestes pr\u00e9cis sans qui ce spectacle ne pourrait jamais exister. <\/p>\n\n\n\n<p>Le processus de cr\u00e9ation a b\u00e9n\u00e9fici\u00e9 du soutien du Grand Bain, lieu d&rsquo;\u00e9mulation dans le cadre d&rsquo;une r\u00e9sidence \u00e0 la Madeleine-sous-Montreuil.<\/p>\n\n\n\n<p>Ce projet s\u2019inscrit dans le cadre de \u00ab L\u2019\u00c9t\u00e9 culturel \u00bb, manifestation \u00e0 l\u2019initiative du Minist\u00e8re de la culture et b\u00e9n\u00e9ficie du soutien de la direction r\u00e9gionale des affaires culturelles des Hauts-de-France.<\/p>\n\n\n\n<figure class=\"wp-block-image size-large\"><img loading=\"lazy\" decoding=\"async\" width=\"1024\" height=\"455\" src=\"https:\/\/fermenomade.eu\/wp-content\/uploads\/2024\/06\/Soutenu-par_MC-ETE-2024-1024x455.jpg\" alt=\"\" class=\"wp-image-298\" srcset=\"https:\/\/fermenomade.eu\/wp-content\/uploads\/2024\/06\/Soutenu-par_MC-ETE-2024-1024x455.jpg 1024w, https:\/\/fermenomade.eu\/wp-content\/uploads\/2024\/06\/Soutenu-par_MC-ETE-2024-300x133.jpg 300w, https:\/\/fermenomade.eu\/wp-content\/uploads\/2024\/06\/Soutenu-par_MC-ETE-2024-768x341.jpg 768w, https:\/\/fermenomade.eu\/wp-content\/uploads\/2024\/06\/Soutenu-par_MC-ETE-2024-1536x682.jpg 1536w, https:\/\/fermenomade.eu\/wp-content\/uploads\/2024\/06\/Soutenu-par_MC-ETE-2024-2048x910.jpg 2048w\" sizes=\"auto, (max-width: 1024px) 100vw, 1024px\" \/><\/figure>\n<\/div>\n<\/div>\n\n\n\n<div class=\"wp-block-column is-layout-flow wp-block-column-is-layout-flow\">\n<figure class=\"wp-block-gallery has-nested-images columns-1 is-cropped wp-block-gallery-2 is-layout-flex wp-block-gallery-is-layout-flex\">\n<figure class=\"wp-block-image size-large\"><img loading=\"lazy\" decoding=\"async\" width=\"1024\" height=\"683\" data-id=\"337\" src=\"https:\/\/fermenomade.eu\/wp-content\/uploads\/2024\/12\/2_Ferme_Nomade_2024_Bondues_spectateurs-1024x683.jpg\" alt=\"\" class=\"wp-image-337\" srcset=\"https:\/\/fermenomade.eu\/wp-content\/uploads\/2024\/12\/2_Ferme_Nomade_2024_Bondues_spectateurs-1024x683.jpg 1024w, https:\/\/fermenomade.eu\/wp-content\/uploads\/2024\/12\/2_Ferme_Nomade_2024_Bondues_spectateurs-300x200.jpg 300w, https:\/\/fermenomade.eu\/wp-content\/uploads\/2024\/12\/2_Ferme_Nomade_2024_Bondues_spectateurs-768x512.jpg 768w, https:\/\/fermenomade.eu\/wp-content\/uploads\/2024\/12\/2_Ferme_Nomade_2024_Bondues_spectateurs-1536x1024.jpg 1536w, https:\/\/fermenomade.eu\/wp-content\/uploads\/2024\/12\/2_Ferme_Nomade_2024_Bondues_spectateurs-2048x1365.jpg 2048w\" sizes=\"auto, (max-width: 1024px) 100vw, 1024px\" \/><\/figure>\n\n\n\n<figure class=\"wp-block-image size-large\"><img loading=\"lazy\" decoding=\"async\" width=\"1024\" height=\"683\" data-id=\"339\" src=\"https:\/\/fermenomade.eu\/wp-content\/uploads\/2024\/12\/4_Ferme_Nomade_2024_Bondues_armelle_defile_mariee_2-1024x683.jpg\" alt=\"\" class=\"wp-image-339\" srcset=\"https:\/\/fermenomade.eu\/wp-content\/uploads\/2024\/12\/4_Ferme_Nomade_2024_Bondues_armelle_defile_mariee_2-1024x683.jpg 1024w, https:\/\/fermenomade.eu\/wp-content\/uploads\/2024\/12\/4_Ferme_Nomade_2024_Bondues_armelle_defile_mariee_2-300x200.jpg 300w, https:\/\/fermenomade.eu\/wp-content\/uploads\/2024\/12\/4_Ferme_Nomade_2024_Bondues_armelle_defile_mariee_2-768x512.jpg 768w, https:\/\/fermenomade.eu\/wp-content\/uploads\/2024\/12\/4_Ferme_Nomade_2024_Bondues_armelle_defile_mariee_2-1536x1024.jpg 1536w, https:\/\/fermenomade.eu\/wp-content\/uploads\/2024\/12\/4_Ferme_Nomade_2024_Bondues_armelle_defile_mariee_2-2048x1365.jpg 2048w\" sizes=\"auto, (max-width: 1024px) 100vw, 1024px\" \/><\/figure>\n\n\n\n<figure class=\"wp-block-image size-large\"><img loading=\"lazy\" decoding=\"async\" width=\"1024\" height=\"683\" data-id=\"342\" src=\"https:\/\/fermenomade.eu\/wp-content\/uploads\/2024\/12\/5_Ferme_Nomade_2024_Bondues_armelle_minitracteur-1024x683.jpg\" alt=\"\" class=\"wp-image-342\" srcset=\"https:\/\/fermenomade.eu\/wp-content\/uploads\/2024\/12\/5_Ferme_Nomade_2024_Bondues_armelle_minitracteur-1024x683.jpg 1024w, https:\/\/fermenomade.eu\/wp-content\/uploads\/2024\/12\/5_Ferme_Nomade_2024_Bondues_armelle_minitracteur-300x200.jpg 300w, https:\/\/fermenomade.eu\/wp-content\/uploads\/2024\/12\/5_Ferme_Nomade_2024_Bondues_armelle_minitracteur-768x512.jpg 768w, https:\/\/fermenomade.eu\/wp-content\/uploads\/2024\/12\/5_Ferme_Nomade_2024_Bondues_armelle_minitracteur-1536x1024.jpg 1536w, https:\/\/fermenomade.eu\/wp-content\/uploads\/2024\/12\/5_Ferme_Nomade_2024_Bondues_armelle_minitracteur-2048x1365.jpg 2048w\" sizes=\"auto, (max-width: 1024px) 100vw, 1024px\" \/><\/figure>\n\n\n\n<figure class=\"wp-block-image size-large\"><img loading=\"lazy\" decoding=\"async\" width=\"1024\" height=\"683\" data-id=\"349\" src=\"https:\/\/fermenomade.eu\/wp-content\/uploads\/2024\/12\/13_Ferme_Nomade_2024_Bondues_armelle_danse-1024x683.jpg\" alt=\"\" class=\"wp-image-349\" srcset=\"https:\/\/fermenomade.eu\/wp-content\/uploads\/2024\/12\/13_Ferme_Nomade_2024_Bondues_armelle_danse-1024x683.jpg 1024w, https:\/\/fermenomade.eu\/wp-content\/uploads\/2024\/12\/13_Ferme_Nomade_2024_Bondues_armelle_danse-300x200.jpg 300w, https:\/\/fermenomade.eu\/wp-content\/uploads\/2024\/12\/13_Ferme_Nomade_2024_Bondues_armelle_danse-768x512.jpg 768w, https:\/\/fermenomade.eu\/wp-content\/uploads\/2024\/12\/13_Ferme_Nomade_2024_Bondues_armelle_danse-1536x1024.jpg 1536w, https:\/\/fermenomade.eu\/wp-content\/uploads\/2024\/12\/13_Ferme_Nomade_2024_Bondues_armelle_danse-2048x1365.jpg 2048w\" sizes=\"auto, (max-width: 1024px) 100vw, 1024px\" \/><\/figure>\n\n\n\n<figure class=\"wp-block-image size-large\"><img loading=\"lazy\" decoding=\"async\" width=\"1024\" height=\"683\" data-id=\"346\" src=\"https:\/\/fermenomade.eu\/wp-content\/uploads\/2024\/12\/9_Ferme_Nomade_2024_Bondues_armelle_mains_echalottes-1024x683.jpg\" alt=\"\" class=\"wp-image-346\" srcset=\"https:\/\/fermenomade.eu\/wp-content\/uploads\/2024\/12\/9_Ferme_Nomade_2024_Bondues_armelle_mains_echalottes-1024x683.jpg 1024w, https:\/\/fermenomade.eu\/wp-content\/uploads\/2024\/12\/9_Ferme_Nomade_2024_Bondues_armelle_mains_echalottes-300x200.jpg 300w, https:\/\/fermenomade.eu\/wp-content\/uploads\/2024\/12\/9_Ferme_Nomade_2024_Bondues_armelle_mains_echalottes-768x512.jpg 768w, https:\/\/fermenomade.eu\/wp-content\/uploads\/2024\/12\/9_Ferme_Nomade_2024_Bondues_armelle_mains_echalottes-1536x1024.jpg 1536w, https:\/\/fermenomade.eu\/wp-content\/uploads\/2024\/12\/9_Ferme_Nomade_2024_Bondues_armelle_mains_echalottes-2048x1365.jpg 2048w\" sizes=\"auto, (max-width: 1024px) 100vw, 1024px\" \/><\/figure>\n\n\n\n<figure class=\"wp-block-image size-large\"><img loading=\"lazy\" decoding=\"async\" width=\"683\" height=\"1024\" data-id=\"347\" src=\"https:\/\/fermenomade.eu\/wp-content\/uploads\/2024\/12\/11_Ferme_Nomade_2024_Bondues_armelle_echalotte-683x1024.jpg\" alt=\"\" class=\"wp-image-347\" srcset=\"https:\/\/fermenomade.eu\/wp-content\/uploads\/2024\/12\/11_Ferme_Nomade_2024_Bondues_armelle_echalotte-683x1024.jpg 683w, https:\/\/fermenomade.eu\/wp-content\/uploads\/2024\/12\/11_Ferme_Nomade_2024_Bondues_armelle_echalotte-200x300.jpg 200w, https:\/\/fermenomade.eu\/wp-content\/uploads\/2024\/12\/11_Ferme_Nomade_2024_Bondues_armelle_echalotte-768x1152.jpg 768w, https:\/\/fermenomade.eu\/wp-content\/uploads\/2024\/12\/11_Ferme_Nomade_2024_Bondues_armelle_echalotte-1024x1536.jpg 1024w, https:\/\/fermenomade.eu\/wp-content\/uploads\/2024\/12\/11_Ferme_Nomade_2024_Bondues_armelle_echalotte-1365x2048.jpg 1365w, https:\/\/fermenomade.eu\/wp-content\/uploads\/2024\/12\/11_Ferme_Nomade_2024_Bondues_armelle_echalotte-scaled.jpg 1706w\" sizes=\"auto, (max-width: 683px) 100vw, 683px\" \/><\/figure>\n<\/figure>\n<\/div>\n<\/div>\n\n\n\n<hr class=\"wp-block-separator has-alpha-channel-opacity\" style=\"margin-top:var(--wp--preset--spacing--50);margin-bottom:var(--wp--preset--spacing--50)\"\/>\n\n\n\n<div class=\"wp-block-cover alignwide is-light wp-duotone-rgb2813753-054f23-3\" style=\"padding-top:var(--wp--preset--spacing--40);padding-bottom:var(--wp--preset--spacing--40);min-height:244px;aspect-ratio:unset;\"><img loading=\"lazy\" decoding=\"async\" width=\"2560\" height=\"1707\" class=\"wp-block-cover__image-background wp-image-338\" alt=\"\" src=\"https:\/\/fermenomade.eu\/wp-content\/uploads\/2024\/12\/1_Ferme_Nomade_2024_Bondues_installation-scaled.jpg\" style=\"object-position:41% 0%\" data-object-fit=\"cover\" data-object-position=\"41% 0%\" srcset=\"https:\/\/fermenomade.eu\/wp-content\/uploads\/2024\/12\/1_Ferme_Nomade_2024_Bondues_installation-scaled.jpg 2560w, https:\/\/fermenomade.eu\/wp-content\/uploads\/2024\/12\/1_Ferme_Nomade_2024_Bondues_installation-300x200.jpg 300w, https:\/\/fermenomade.eu\/wp-content\/uploads\/2024\/12\/1_Ferme_Nomade_2024_Bondues_installation-1024x683.jpg 1024w, https:\/\/fermenomade.eu\/wp-content\/uploads\/2024\/12\/1_Ferme_Nomade_2024_Bondues_installation-768x512.jpg 768w, https:\/\/fermenomade.eu\/wp-content\/uploads\/2024\/12\/1_Ferme_Nomade_2024_Bondues_installation-1536x1024.jpg 1536w, https:\/\/fermenomade.eu\/wp-content\/uploads\/2024\/12\/1_Ferme_Nomade_2024_Bondues_installation-2048x1365.jpg 2048w\" sizes=\"auto, (max-width: 2560px) 100vw, 2560px\" \/><span aria-hidden=\"true\" class=\"wp-block-cover__background has-base-2-background-color has-background-dim-90 has-background-dim\"><\/span><div class=\"wp-block-cover__inner-container has-global-padding is-layout-constrained wp-container-core-cover-is-layout-b6e4ddd0 wp-block-cover-is-layout-constrained\">\n<h3 class=\"wp-block-heading has-text-align-left has-large-font-size\">Vous \u00eates une structure culturelle, une association ou une collectivit\u00e9 int\u00e9ress\u00e9 par nos exp\u00e9riences ?<\/h3>\n\n\n\n<p class=\"has-text-align-left has-medium-font-size\">Vous souhaitez obtenir un dossier de diffusion ou une vid\u00e9o de captation g\u00e9n\u00e9rale ?<\/p>\n\n\n\n<div class=\"wp-block-buttons is-content-justification-left is-layout-flex wp-container-core-buttons-is-layout-fc4fd283 wp-block-buttons-is-layout-flex\">\n<div class=\"wp-block-button\"><a class=\"wp-block-button__link wp-element-button\" href=\"https:\/\/fermenomade.eu\/nl\/contact\/\">Contactez nous<\/a><\/div>\n<\/div>\n<\/div><\/div>","protected":false},"excerpt":{"rendered":"<p>Solo pour une mara\u00eech\u00e8re Imagin\u00e9 comme une visite fictive de ferme par le th\u00e9\u00e2tre et la danse, Volante&nbsp;s\u2019adapte aux lieux agricoles, espaces verts, jardins p\u00e9dagogiques et familiaux. C\u2019est l\u2019histoire d\u2019une jeune femme qui a repris en urgence la ferme familiale pour \u00e9viter de voir dispara\u00eetre cet h\u00e9ritage. Elle propose au public une visite de ferme [&hellip;]<\/p>","protected":false},"author":1,"featured_media":0,"parent":0,"menu_order":2,"comment_status":"closed","ping_status":"closed","template":"","meta":{"footnotes":""},"class_list":["post-11","page","type-page","status-publish","hentry"],"_links":{"self":[{"href":"https:\/\/fermenomade.eu\/nl\/wp-json\/wp\/v2\/pages\/11","targetHints":{"allow":["GET"]}}],"collection":[{"href":"https:\/\/fermenomade.eu\/nl\/wp-json\/wp\/v2\/pages"}],"about":[{"href":"https:\/\/fermenomade.eu\/nl\/wp-json\/wp\/v2\/types\/page"}],"author":[{"embeddable":true,"href":"https:\/\/fermenomade.eu\/nl\/wp-json\/wp\/v2\/users\/1"}],"replies":[{"embeddable":true,"href":"https:\/\/fermenomade.eu\/nl\/wp-json\/wp\/v2\/comments?post=11"}],"version-history":[{"count":125,"href":"https:\/\/fermenomade.eu\/nl\/wp-json\/wp\/v2\/pages\/11\/revisions"}],"predecessor-version":[{"id":923,"href":"https:\/\/fermenomade.eu\/nl\/wp-json\/wp\/v2\/pages\/11\/revisions\/923"}],"wp:attachment":[{"href":"https:\/\/fermenomade.eu\/nl\/wp-json\/wp\/v2\/media?parent=11"}],"curies":[{"name":"wp","href":"https:\/\/api.w.org\/{rel}","templated":true}]}}