{"id":128,"date":"2024-05-05T08:58:03","date_gmt":"2024-05-05T08:58:03","guid":{"rendered":"https:\/\/fermenomade.eu\/?page_id=128"},"modified":"2025-06-12T13:18:22","modified_gmt":"2025-06-12T13:18:22","slug":"precedents-spectacles","status":"publish","type":"page","link":"https:\/\/fermenomade.eu\/nl\/precedents-spectacles\/","title":{"rendered":"Exp\u00e9riences \u00e0 la ferme"},"content":{"rendered":"<h2 class=\"wp-block-heading alignwide has-large-font-size\">Ateliers participatifs de cr\u00e9ation \u00e9v\u00e8nements artistiques<\/h2>\n\n\n\n<div style=\"height:100px\" aria-hidden=\"true\" class=\"wp-block-spacer\"><\/div>\n\n\n\n<div class=\"wp-block-columns alignwide is-layout-flex wp-container-core-columns-is-layout-28f84493 wp-block-columns-is-layout-flex\">\n<div class=\"wp-block-column is-layout-flow wp-block-column-is-layout-flow\">\n<div class=\"wp-block-media-text is-stacked-on-mobile\"><figure class=\"wp-block-media-text__media\"><img loading=\"lazy\" decoding=\"async\" width=\"1024\" height=\"683\" src=\"https:\/\/fermenomade.eu\/wp-content\/uploads\/2024\/05\/Houplines_FermeNomade_3-1024x683.jpg\" alt=\"\" class=\"wp-image-30 size-full\" srcset=\"https:\/\/fermenomade.eu\/wp-content\/uploads\/2024\/05\/Houplines_FermeNomade_3-1024x683.jpg 1024w, https:\/\/fermenomade.eu\/wp-content\/uploads\/2024\/05\/Houplines_FermeNomade_3-300x200.jpg 300w, https:\/\/fermenomade.eu\/wp-content\/uploads\/2024\/05\/Houplines_FermeNomade_3-768x512.jpg 768w, https:\/\/fermenomade.eu\/wp-content\/uploads\/2024\/05\/Houplines_FermeNomade_3-1536x1024.jpg 1536w, https:\/\/fermenomade.eu\/wp-content\/uploads\/2024\/05\/Houplines_FermeNomade_3-2048x1365.jpg 2048w\" sizes=\"auto, (max-width: 1024px) 100vw, 1024px\" \/><\/figure><div class=\"wp-block-media-text__content\">\n<h2 class=\"wp-block-heading\">Als een wandeling 2022<\/h2>\n\n\n\n<div class=\"wp-block-buttons is-layout-flex wp-block-buttons-is-layout-flex\">\n<div class=\"wp-block-button\"><a class=\"wp-block-button__link wp-element-button\" href=\"https:\/\/fermenomade.eu\/nl\/?page_id=16\">D\u00e9couvrir l&rsquo;exp\u00e9rience<\/a><\/div>\n<\/div>\n<\/div><\/div>\n<\/div>\n\n\n\n<div class=\"wp-block-column is-layout-flow wp-block-column-is-layout-flow\">\n<div class=\"wp-block-media-text is-stacked-on-mobile\"><figure class=\"wp-block-media-text__media\"><img loading=\"lazy\" decoding=\"async\" width=\"1024\" height=\"683\" src=\"https:\/\/fermenomade.eu\/wp-content\/uploads\/2024\/05\/Houplines_FermeNomade_13-1024x683.jpg\" alt=\"\" class=\"wp-image-40 size-full\" srcset=\"https:\/\/fermenomade.eu\/wp-content\/uploads\/2024\/05\/Houplines_FermeNomade_13-1024x683.jpg 1024w, https:\/\/fermenomade.eu\/wp-content\/uploads\/2024\/05\/Houplines_FermeNomade_13-300x200.jpg 300w, https:\/\/fermenomade.eu\/wp-content\/uploads\/2024\/05\/Houplines_FermeNomade_13-768x512.jpg 768w, https:\/\/fermenomade.eu\/wp-content\/uploads\/2024\/05\/Houplines_FermeNomade_13-1536x1024.jpg 1536w, https:\/\/fermenomade.eu\/wp-content\/uploads\/2024\/05\/Houplines_FermeNomade_13-2048x1365.jpg 2048w\" sizes=\"auto, (max-width: 1024px) 100vw, 1024px\" \/><\/figure><div class=\"wp-block-media-text__content\">\n<h2 class=\"wp-block-heading\">Als een catwalk 2023<\/h2>\n\n\n\n<div class=\"wp-block-buttons is-layout-flex wp-block-buttons-is-layout-flex\">\n<div class=\"wp-block-button\"><a class=\"wp-block-button__link wp-element-button\" href=\"https:\/\/fermenomade.eu\/nl\/?page_id=18\">D\u00e9couvrir l&rsquo;exp\u00e9rience<\/a><\/div>\n<\/div>\n<\/div><\/div>\n<\/div>\n<\/div>\n\n\n\n<div style=\"height:100px\" aria-hidden=\"true\" class=\"wp-block-spacer\"><\/div>","protected":false},"excerpt":{"rendered":"<p>Ateliers participatifs de cr\u00e9ation \u00e9v\u00e8nements artistiques Comme une balade 2022 Comme un d\u00e9fil\u00e9 2023<\/p>","protected":false},"author":1,"featured_media":0,"parent":0,"menu_order":4,"comment_status":"closed","ping_status":"closed","template":"","meta":{"footnotes":""},"class_list":["post-128","page","type-page","status-publish","hentry"],"_links":{"self":[{"href":"https:\/\/fermenomade.eu\/nl\/wp-json\/wp\/v2\/pages\/128","targetHints":{"allow":["GET"]}}],"collection":[{"href":"https:\/\/fermenomade.eu\/nl\/wp-json\/wp\/v2\/pages"}],"about":[{"href":"https:\/\/fermenomade.eu\/nl\/wp-json\/wp\/v2\/types\/page"}],"author":[{"embeddable":true,"href":"https:\/\/fermenomade.eu\/nl\/wp-json\/wp\/v2\/users\/1"}],"replies":[{"embeddable":true,"href":"https:\/\/fermenomade.eu\/nl\/wp-json\/wp\/v2\/comments?post=128"}],"version-history":[{"count":12,"href":"https:\/\/fermenomade.eu\/nl\/wp-json\/wp\/v2\/pages\/128\/revisions"}],"predecessor-version":[{"id":515,"href":"https:\/\/fermenomade.eu\/nl\/wp-json\/wp\/v2\/pages\/128\/revisions\/515"}],"wp:attachment":[{"href":"https:\/\/fermenomade.eu\/nl\/wp-json\/wp\/v2\/media?parent=128"}],"curies":[{"name":"wp","href":"https:\/\/api.w.org\/{rel}","templated":true}]}}