{"id":13,"date":"2024-05-02T15:39:34","date_gmt":"2024-05-02T15:39:34","guid":{"rendered":"https:\/\/fermenomade.eu\/?page_id=13"},"modified":"2025-10-14T17:52:57","modified_gmt":"2025-10-14T17:52:57","slug":"contact","status":"publish","type":"page","link":"https:\/\/fermenomade.eu\/nl\/contact\/","title":{"rendered":"Contact"},"content":{"rendered":"<div style=\"height:100px\" aria-hidden=\"true\" class=\"wp-block-spacer\"><\/div>\n\n\n\n<div class=\"wp-block-group alignwide has-global-padding is-layout-constrained wp-container-core-group-is-layout-4383d167 wp-block-group-is-layout-constrained\">\n<div class=\"wp-block-columns alignwide is-layout-flex wp-container-core-columns-is-layout-28f84493 wp-block-columns-is-layout-flex\">\n<div class=\"wp-block-column is-layout-flow wp-block-column-is-layout-flow\" style=\"flex-basis:30%\">\n<figure class=\"wp-block-image alignleft size-large is-resized\"><img loading=\"lazy\" decoding=\"async\" width=\"683\" height=\"1024\" src=\"https:\/\/fermenomade.eu\/wp-content\/uploads\/2024\/05\/Armelle_valisse-25-683x1024.jpg\" alt=\"\" class=\"wp-image-96\" style=\"width:368px;height:auto\" srcset=\"https:\/\/fermenomade.eu\/wp-content\/uploads\/2024\/05\/Armelle_valisse-25-683x1024.jpg 683w, https:\/\/fermenomade.eu\/wp-content\/uploads\/2024\/05\/Armelle_valisse-25-200x300.jpg 200w, https:\/\/fermenomade.eu\/wp-content\/uploads\/2024\/05\/Armelle_valisse-25-768x1152.jpg 768w, https:\/\/fermenomade.eu\/wp-content\/uploads\/2024\/05\/Armelle_valisse-25-1024x1536.jpg 1024w, https:\/\/fermenomade.eu\/wp-content\/uploads\/2024\/05\/Armelle_valisse-25-1365x2048.jpg 1365w, https:\/\/fermenomade.eu\/wp-content\/uploads\/2024\/05\/Armelle_valisse-25-scaled.jpg 1707w\" sizes=\"auto, (max-width: 683px) 100vw, 683px\" \/><\/figure>\n<\/div>\n\n\n\n<div class=\"wp-block-column is-layout-flow wp-block-column-is-layout-flow\">\n<h2 class=\"wp-block-heading\">Nous contacter<\/h2>\n\n\n\n<p><strong>Email<\/strong><\/p>\n\n\n\n<p>fermierevolante@protonmail.com<\/p>\n\n\n\n<p><a href=\"https:\/\/mailp.ro\/f\/rENUIZ\">Inscription \u00e0 la Newsletter<\/a><\/p>\n\n\n\n<p><strong>T\u00e9l\u00e9phone <\/strong><\/p>\n\n\n\n<p>Armelle Verrips &#8211; +33.6.42.32.47.90<\/p>\n\n\n\n<p><strong>Production d\u00e9l\u00e9gu\u00e9e<\/strong><\/p>\n\n\n\n<p><a href=\"https:\/\/www.catsandsnails.fr\">www.catsandsnails.fr<\/a><\/p>\n\n\n\n<p>cats&amp;snails<br>10 rue d\u2019En Haut<br>62990 Loison-sur-Cr\u00e9quoise<\/p>\n\n\n\n<figure class=\"wp-block-image size-full is-resized\"><img loading=\"lazy\" decoding=\"async\" width=\"600\" height=\"154\" src=\"https:\/\/fermenomade.eu\/wp-content\/uploads\/2024\/06\/LOGO-CATSSNAILS-BLEU-2.png\" alt=\"\" class=\"wp-image-301\" style=\"width:334px;height:auto\" srcset=\"https:\/\/fermenomade.eu\/wp-content\/uploads\/2024\/06\/LOGO-CATSSNAILS-BLEU-2.png 600w, https:\/\/fermenomade.eu\/wp-content\/uploads\/2024\/06\/LOGO-CATSSNAILS-BLEU-2-300x77.png 300w\" sizes=\"auto, (max-width: 600px) 100vw, 600px\" \/><\/figure>\n<\/div>\n<\/div>\n<\/div>","protected":false},"excerpt":{"rendered":"<p>Nous contacter Email fermierevolante@protonmail.com Inscription \u00e0 la Newsletter T\u00e9l\u00e9phone Armelle Verrips &#8211; +33.6.42.32.47.90 Production d\u00e9l\u00e9gu\u00e9e www.catsandsnails.fr cats&amp;snails10 rue d\u2019En Haut62990 Loison-sur-Cr\u00e9quoise<\/p>","protected":false},"author":1,"featured_media":0,"parent":0,"menu_order":10,"comment_status":"closed","ping_status":"closed","template":"","meta":{"footnotes":""},"class_list":["post-13","page","type-page","status-publish","hentry"],"_links":{"self":[{"href":"https:\/\/fermenomade.eu\/nl\/wp-json\/wp\/v2\/pages\/13","targetHints":{"allow":["GET"]}}],"collection":[{"href":"https:\/\/fermenomade.eu\/nl\/wp-json\/wp\/v2\/pages"}],"about":[{"href":"https:\/\/fermenomade.eu\/nl\/wp-json\/wp\/v2\/types\/page"}],"author":[{"embeddable":true,"href":"https:\/\/fermenomade.eu\/nl\/wp-json\/wp\/v2\/users\/1"}],"replies":[{"embeddable":true,"href":"https:\/\/fermenomade.eu\/nl\/wp-json\/wp\/v2\/comments?post=13"}],"version-history":[{"count":17,"href":"https:\/\/fermenomade.eu\/nl\/wp-json\/wp\/v2\/pages\/13\/revisions"}],"predecessor-version":[{"id":866,"href":"https:\/\/fermenomade.eu\/nl\/wp-json\/wp\/v2\/pages\/13\/revisions\/866"}],"wp:attachment":[{"href":"https:\/\/fermenomade.eu\/nl\/wp-json\/wp\/v2\/media?parent=13"}],"curies":[{"name":"wp","href":"https:\/\/api.w.org\/{rel}","templated":true}]}}