{"id":253,"date":"2024-05-07T20:12:57","date_gmt":"2024-05-07T20:12:57","guid":{"rendered":"https:\/\/fermenomade.eu\/?page_id=253"},"modified":"2024-05-08T09:14:14","modified_gmt":"2024-05-08T09:14:14","slug":"presse","status":"publish","type":"page","link":"https:\/\/fermenomade.eu\/nl\/presse\/","title":{"rendered":"Presse"},"content":{"rendered":"<div class=\"wp-block-columns alignwide is-layout-flex wp-container-core-columns-is-layout-28f84493 wp-block-columns-is-layout-flex\">\n<div class=\"wp-block-column is-layout-flow wp-block-column-is-layout-flow\" style=\"flex-basis:50%\">\n<figure class=\"wp-block-gallery alignwide has-nested-images columns-default is-cropped wp-block-gallery-1 is-layout-flex wp-block-gallery-is-layout-flex\">\n<figure data-wp-context=\"{&quot;imageId&quot;:&quot;69ea2b3f3983e&quot;}\" data-wp-interactive=\"core\/image\" data-wp-key=\"69ea2b3f3983e\" class=\"wp-block-image size-large wp-lightbox-container\"><img loading=\"lazy\" decoding=\"async\" width=\"338\" height=\"1024\" data-wp-class--hide=\"state.isContentHidden\" data-wp-class--show=\"state.isContentVisible\" data-wp-init=\"callbacks.setButtonStyles\" data-wp-on--click=\"actions.showLightbox\" data-wp-on--load=\"callbacks.setButtonStyles\" data-wp-on-window--resize=\"callbacks.setButtonStyles\" data-id=\"256\" src=\"https:\/\/fermenomade.eu\/wp-content\/uploads\/2024\/05\/Demelees-22-par-Madeline-WOOD-1-338x1024.jpg\" alt=\"\" class=\"wp-image-256\" srcset=\"https:\/\/fermenomade.eu\/wp-content\/uploads\/2024\/05\/Demelees-22-par-Madeline-WOOD-1-338x1024.jpg 338w, https:\/\/fermenomade.eu\/wp-content\/uploads\/2024\/05\/Demelees-22-par-Madeline-WOOD-1-99x300.jpg 99w, https:\/\/fermenomade.eu\/wp-content\/uploads\/2024\/05\/Demelees-22-par-Madeline-WOOD-1-768x2327.jpg 768w, https:\/\/fermenomade.eu\/wp-content\/uploads\/2024\/05\/Demelees-22-par-Madeline-WOOD-1-507x1536.jpg 507w, https:\/\/fermenomade.eu\/wp-content\/uploads\/2024\/05\/Demelees-22-par-Madeline-WOOD-1-676x2048.jpg 676w, https:\/\/fermenomade.eu\/wp-content\/uploads\/2024\/05\/Demelees-22-par-Madeline-WOOD-1-scaled.jpg 845w\" sizes=\"auto, (max-width: 338px) 100vw, 338px\" \/><button\n\t\t\tclass=\"lightbox-trigger\"\n\t\t\ttype=\"button\"\n\t\t\taria-haspopup=\"dialog\"\n\t\t\taria-label=\"Vergroten\"\n\t\t\tdata-wp-init=\"callbacks.initTriggerButton\"\n\t\t\tdata-wp-on--click=\"actions.showLightbox\"\n\t\t\tdata-wp-style--right=\"state.imageButtonRight\"\n\t\t\tdata-wp-style--top=\"state.imageButtonTop\"\n\t\t>\n\t\t\t<svg xmlns=\"http:\/\/www.w3.org\/2000\/svg\" width=\"12\" height=\"12\" fill=\"none\" viewbox=\"0 0 12 12\">\n\t\t\t\t<path fill=\"#fff\" d=\"M2 0a2 2 0 0 0-2 2v2h1.5V2a.5.5 0 0 1 .5-.5h2V0H2Zm2 10.5H2a.5.5 0 0 1-.5-.5V8H0v2a2 2 0 0 0 2 2h2v-1.5ZM8 12v-1.5h2a.5.5 0 0 0 .5-.5V8H12v2a2 2 0 0 1-2 2H8Zm2-12a2 2 0 0 1 2 2v2h-1.5V2a.5.5 0 0 0-.5-.5H8V0h2Z\" \/>\n\t\t\t<\/svg>\n\t\t<\/button><figcaption class=\"wp-element-caption\"><a href=\"https:\/\/lesdemelees.org\/\">Les D\u00e9m\u00eal\u00e9es<\/a>, \u00e9t\u00e9 2022, Madeline Wood<\/figcaption><\/figure>\n\n\n\n<figure data-wp-context=\"{&quot;imageId&quot;:&quot;69ea2b3f3a08b&quot;}\" data-wp-interactive=\"core\/image\" data-wp-key=\"69ea2b3f3a08b\" class=\"wp-block-image size-large wp-lightbox-container\"><img loading=\"lazy\" decoding=\"async\" width=\"800\" height=\"1000\" data-wp-class--hide=\"state.isContentHidden\" data-wp-class--show=\"state.isContentVisible\" data-wp-init=\"callbacks.setButtonStyles\" data-wp-on--click=\"actions.showLightbox\" data-wp-on--load=\"callbacks.setButtonStyles\" data-wp-on-window--resize=\"callbacks.setButtonStyles\" data-id=\"255\" src=\"https:\/\/fermenomade.eu\/wp-content\/uploads\/2024\/05\/fermeNomade.jpg\" alt=\"\" class=\"wp-image-255\" srcset=\"https:\/\/fermenomade.eu\/wp-content\/uploads\/2024\/05\/fermeNomade.jpg 800w, https:\/\/fermenomade.eu\/wp-content\/uploads\/2024\/05\/fermeNomade-240x300.jpg 240w, https:\/\/fermenomade.eu\/wp-content\/uploads\/2024\/05\/fermeNomade-768x960.jpg 768w\" sizes=\"auto, (max-width: 800px) 100vw, 800px\" \/><button\n\t\t\tclass=\"lightbox-trigger\"\n\t\t\ttype=\"button\"\n\t\t\taria-haspopup=\"dialog\"\n\t\t\taria-label=\"Vergroten\"\n\t\t\tdata-wp-init=\"callbacks.initTriggerButton\"\n\t\t\tdata-wp-on--click=\"actions.showLightbox\"\n\t\t\tdata-wp-style--right=\"state.imageButtonRight\"\n\t\t\tdata-wp-style--top=\"state.imageButtonTop\"\n\t\t>\n\t\t\t<svg xmlns=\"http:\/\/www.w3.org\/2000\/svg\" width=\"12\" height=\"12\" fill=\"none\" viewbox=\"0 0 12 12\">\n\t\t\t\t<path fill=\"#fff\" d=\"M2 0a2 2 0 0 0-2 2v2h1.5V2a.5.5 0 0 1 .5-.5h2V0H2Zm2 10.5H2a.5.5 0 0 1-.5-.5V8H0v2a2 2 0 0 0 2 2h2v-1.5ZM8 12v-1.5h2a.5.5 0 0 0 .5-.5V8H12v2a2 2 0 0 1-2 2H8Zm2-12a2 2 0 0 1 2 2v2h-1.5V2a.5.5 0 0 0-.5-.5H8V0h2Z\" \/>\n\t\t\t<\/svg>\n\t\t<\/button><figcaption class=\"wp-element-caption\">La voix du Nord<\/figcaption><\/figure>\n<\/figure>\n<\/div>\n\n\n\n<div class=\"wp-block-column is-layout-flow wp-block-column-is-layout-flow\" style=\"flex-basis:25%\"><\/div>\n\n\n\n<div class=\"wp-block-column is-layout-flow wp-block-column-is-layout-flow\" style=\"flex-basis:25%\"><\/div>\n<\/div>","protected":false},"excerpt":{"rendered":"","protected":false},"author":2,"featured_media":0,"parent":0,"menu_order":11,"comment_status":"closed","ping_status":"closed","template":"","meta":{"footnotes":""},"class_list":["post-253","page","type-page","status-publish","hentry"],"_links":{"self":[{"href":"https:\/\/fermenomade.eu\/nl\/wp-json\/wp\/v2\/pages\/253","targetHints":{"allow":["GET"]}}],"collection":[{"href":"https:\/\/fermenomade.eu\/nl\/wp-json\/wp\/v2\/pages"}],"about":[{"href":"https:\/\/fermenomade.eu\/nl\/wp-json\/wp\/v2\/types\/page"}],"author":[{"embeddable":true,"href":"https:\/\/fermenomade.eu\/nl\/wp-json\/wp\/v2\/users\/2"}],"replies":[{"embeddable":true,"href":"https:\/\/fermenomade.eu\/nl\/wp-json\/wp\/v2\/comments?post=253"}],"version-history":[{"count":6,"href":"https:\/\/fermenomade.eu\/nl\/wp-json\/wp\/v2\/pages\/253\/revisions"}],"predecessor-version":[{"id":272,"href":"https:\/\/fermenomade.eu\/nl\/wp-json\/wp\/v2\/pages\/253\/revisions\/272"}],"wp:attachment":[{"href":"https:\/\/fermenomade.eu\/nl\/wp-json\/wp\/v2\/media?parent=253"}],"curies":[{"name":"wp","href":"https:\/\/api.w.org\/{rel}","templated":true}]}}