{"id":358,"date":"2024-12-18T09:21:08","date_gmt":"2024-12-18T09:21:08","guid":{"rendered":"https:\/\/fermenomade.eu\/?page_id=358"},"modified":"2025-03-17T08:20:25","modified_gmt":"2025-03-17T08:20:25","slug":"galerie-volante","status":"publish","type":"page","link":"https:\/\/fermenomade.eu\/nl\/volante-solo-pour-une-maraichere\/galerie-volante\/","title":{"rendered":"Galerie VOLANTE"},"content":{"rendered":"<div style=\"height:50px\" aria-hidden=\"true\" class=\"wp-block-spacer\"><\/div>\n\n\n\n<div class=\"wp-block-columns alignwide is-layout-flex wp-container-core-columns-is-layout-28f84493 wp-block-columns-is-layout-flex\">\n<div class=\"wp-block-column is-layout-flow wp-block-column-is-layout-flow\">\n<figure class=\"wp-block-embed is-type-video is-provider-vimeo wp-block-embed-vimeo wp-embed-aspect-16-9 wp-has-aspect-ratio\"><div class=\"wp-block-embed__wrapper\">\n<iframe loading=\"lazy\" title=\"Solo pour une mara\u00eech\u00e8re\" src=\"https:\/\/player.vimeo.com\/video\/1007652279?dnt=1&amp;app_id=122963\" width=\"500\" height=\"281\" frameborder=\"0\" allow=\"autoplay; fullscreen; picture-in-picture; clipboard-write\"><\/iframe>\n<\/div><\/figure>\n<\/div>\n\n\n\n<div class=\"wp-block-column is-layout-flow wp-block-column-is-layout-flow\">\n<p><strong>Reportage dans le cadre de Plaines d&rsquo;\u00e9t\u00e9<br><\/strong>le 7 septembre 2024 \u00e0 la Ferme Urbaine du Trichon \u00e0 Roubaix<\/p>\n<\/div>\n<\/div>\n\n\n\n<div style=\"height:50px\" aria-hidden=\"true\" class=\"wp-block-spacer\"><\/div>\n\n\n\n<figure class=\"wp-block-gallery alignwide has-nested-images columns-default is-cropped wp-block-gallery-1 is-layout-flex wp-block-gallery-is-layout-flex\">\n<figure class=\"wp-block-image size-large\"><img loading=\"lazy\" decoding=\"async\" width=\"1024\" height=\"683\" data-id=\"338\" src=\"https:\/\/fermenomade.eu\/wp-content\/uploads\/2024\/12\/1_Ferme_Nomade_2024_Bondues_installation-1024x683.jpg\" alt=\"\" class=\"wp-image-338\" srcset=\"https:\/\/fermenomade.eu\/wp-content\/uploads\/2024\/12\/1_Ferme_Nomade_2024_Bondues_installation-1024x683.jpg 1024w, https:\/\/fermenomade.eu\/wp-content\/uploads\/2024\/12\/1_Ferme_Nomade_2024_Bondues_installation-300x200.jpg 300w, https:\/\/fermenomade.eu\/wp-content\/uploads\/2024\/12\/1_Ferme_Nomade_2024_Bondues_installation-768x512.jpg 768w, https:\/\/fermenomade.eu\/wp-content\/uploads\/2024\/12\/1_Ferme_Nomade_2024_Bondues_installation-1536x1024.jpg 1536w, https:\/\/fermenomade.eu\/wp-content\/uploads\/2024\/12\/1_Ferme_Nomade_2024_Bondues_installation-2048x1365.jpg 2048w\" sizes=\"auto, (max-width: 1024px) 100vw, 1024px\" \/><\/figure>\n\n\n\n<figure class=\"wp-block-image size-large\"><img loading=\"lazy\" decoding=\"async\" width=\"1024\" height=\"683\" data-id=\"337\" src=\"https:\/\/fermenomade.eu\/wp-content\/uploads\/2024\/12\/2_Ferme_Nomade_2024_Bondues_spectateurs-1024x683.jpg\" alt=\"\" class=\"wp-image-337\" srcset=\"https:\/\/fermenomade.eu\/wp-content\/uploads\/2024\/12\/2_Ferme_Nomade_2024_Bondues_spectateurs-1024x683.jpg 1024w, https:\/\/fermenomade.eu\/wp-content\/uploads\/2024\/12\/2_Ferme_Nomade_2024_Bondues_spectateurs-300x200.jpg 300w, https:\/\/fermenomade.eu\/wp-content\/uploads\/2024\/12\/2_Ferme_Nomade_2024_Bondues_spectateurs-768x512.jpg 768w, https:\/\/fermenomade.eu\/wp-content\/uploads\/2024\/12\/2_Ferme_Nomade_2024_Bondues_spectateurs-1536x1024.jpg 1536w, https:\/\/fermenomade.eu\/wp-content\/uploads\/2024\/12\/2_Ferme_Nomade_2024_Bondues_spectateurs-2048x1365.jpg 2048w\" sizes=\"auto, (max-width: 1024px) 100vw, 1024px\" \/><\/figure>\n\n\n\n<figure class=\"wp-block-image size-large\"><img loading=\"lazy\" decoding=\"async\" width=\"1024\" height=\"683\" data-id=\"340\" src=\"https:\/\/fermenomade.eu\/wp-content\/uploads\/2024\/12\/3_Ferme_Nomade_2024_Bondues_armelle_defile_mariee-1024x683.jpg\" alt=\"\" class=\"wp-image-340\" srcset=\"https:\/\/fermenomade.eu\/wp-content\/uploads\/2024\/12\/3_Ferme_Nomade_2024_Bondues_armelle_defile_mariee-1024x683.jpg 1024w, https:\/\/fermenomade.eu\/wp-content\/uploads\/2024\/12\/3_Ferme_Nomade_2024_Bondues_armelle_defile_mariee-300x200.jpg 300w, https:\/\/fermenomade.eu\/wp-content\/uploads\/2024\/12\/3_Ferme_Nomade_2024_Bondues_armelle_defile_mariee-768x512.jpg 768w, https:\/\/fermenomade.eu\/wp-content\/uploads\/2024\/12\/3_Ferme_Nomade_2024_Bondues_armelle_defile_mariee-1536x1024.jpg 1536w, https:\/\/fermenomade.eu\/wp-content\/uploads\/2024\/12\/3_Ferme_Nomade_2024_Bondues_armelle_defile_mariee-2048x1365.jpg 2048w\" sizes=\"auto, (max-width: 1024px) 100vw, 1024px\" \/><\/figure>\n\n\n\n<figure class=\"wp-block-image size-large\"><img loading=\"lazy\" decoding=\"async\" width=\"1024\" height=\"683\" data-id=\"339\" src=\"https:\/\/fermenomade.eu\/wp-content\/uploads\/2024\/12\/4_Ferme_Nomade_2024_Bondues_armelle_defile_mariee_2-1024x683.jpg\" alt=\"\" class=\"wp-image-339\" srcset=\"https:\/\/fermenomade.eu\/wp-content\/uploads\/2024\/12\/4_Ferme_Nomade_2024_Bondues_armelle_defile_mariee_2-1024x683.jpg 1024w, https:\/\/fermenomade.eu\/wp-content\/uploads\/2024\/12\/4_Ferme_Nomade_2024_Bondues_armelle_defile_mariee_2-300x200.jpg 300w, https:\/\/fermenomade.eu\/wp-content\/uploads\/2024\/12\/4_Ferme_Nomade_2024_Bondues_armelle_defile_mariee_2-768x512.jpg 768w, https:\/\/fermenomade.eu\/wp-content\/uploads\/2024\/12\/4_Ferme_Nomade_2024_Bondues_armelle_defile_mariee_2-1536x1024.jpg 1536w, https:\/\/fermenomade.eu\/wp-content\/uploads\/2024\/12\/4_Ferme_Nomade_2024_Bondues_armelle_defile_mariee_2-2048x1365.jpg 2048w\" sizes=\"auto, (max-width: 1024px) 100vw, 1024px\" \/><\/figure>\n\n\n\n<figure class=\"wp-block-image size-large\"><img loading=\"lazy\" decoding=\"async\" width=\"1024\" height=\"683\" data-id=\"342\" src=\"https:\/\/fermenomade.eu\/wp-content\/uploads\/2024\/12\/5_Ferme_Nomade_2024_Bondues_armelle_minitracteur-1024x683.jpg\" alt=\"\" class=\"wp-image-342\" srcset=\"https:\/\/fermenomade.eu\/wp-content\/uploads\/2024\/12\/5_Ferme_Nomade_2024_Bondues_armelle_minitracteur-1024x683.jpg 1024w, https:\/\/fermenomade.eu\/wp-content\/uploads\/2024\/12\/5_Ferme_Nomade_2024_Bondues_armelle_minitracteur-300x200.jpg 300w, https:\/\/fermenomade.eu\/wp-content\/uploads\/2024\/12\/5_Ferme_Nomade_2024_Bondues_armelle_minitracteur-768x512.jpg 768w, https:\/\/fermenomade.eu\/wp-content\/uploads\/2024\/12\/5_Ferme_Nomade_2024_Bondues_armelle_minitracteur-1536x1024.jpg 1536w, https:\/\/fermenomade.eu\/wp-content\/uploads\/2024\/12\/5_Ferme_Nomade_2024_Bondues_armelle_minitracteur-2048x1365.jpg 2048w\" sizes=\"auto, (max-width: 1024px) 100vw, 1024px\" \/><\/figure>\n\n\n\n<figure class=\"wp-block-image size-large\"><img loading=\"lazy\" decoding=\"async\" width=\"1024\" height=\"683\" data-id=\"341\" src=\"https:\/\/fermenomade.eu\/wp-content\/uploads\/2024\/12\/6_Ferme_Nomade_2024_Bondues_armelle_plante-1024x683.jpg\" alt=\"\" class=\"wp-image-341\" srcset=\"https:\/\/fermenomade.eu\/wp-content\/uploads\/2024\/12\/6_Ferme_Nomade_2024_Bondues_armelle_plante-1024x683.jpg 1024w, https:\/\/fermenomade.eu\/wp-content\/uploads\/2024\/12\/6_Ferme_Nomade_2024_Bondues_armelle_plante-300x200.jpg 300w, https:\/\/fermenomade.eu\/wp-content\/uploads\/2024\/12\/6_Ferme_Nomade_2024_Bondues_armelle_plante-768x512.jpg 768w, https:\/\/fermenomade.eu\/wp-content\/uploads\/2024\/12\/6_Ferme_Nomade_2024_Bondues_armelle_plante-1536x1024.jpg 1536w, https:\/\/fermenomade.eu\/wp-content\/uploads\/2024\/12\/6_Ferme_Nomade_2024_Bondues_armelle_plante-2048x1365.jpg 2048w\" sizes=\"auto, (max-width: 1024px) 100vw, 1024px\" \/><\/figure>\n\n\n\n<figure class=\"wp-block-image size-large\"><img loading=\"lazy\" decoding=\"async\" width=\"1024\" height=\"683\" data-id=\"343\" src=\"https:\/\/fermenomade.eu\/wp-content\/uploads\/2024\/12\/7_Ferme_Nomade_2024_Bondues_armelle_spectateurs-1024x683.jpg\" alt=\"\" class=\"wp-image-343\" srcset=\"https:\/\/fermenomade.eu\/wp-content\/uploads\/2024\/12\/7_Ferme_Nomade_2024_Bondues_armelle_spectateurs-1024x683.jpg 1024w, https:\/\/fermenomade.eu\/wp-content\/uploads\/2024\/12\/7_Ferme_Nomade_2024_Bondues_armelle_spectateurs-300x200.jpg 300w, https:\/\/fermenomade.eu\/wp-content\/uploads\/2024\/12\/7_Ferme_Nomade_2024_Bondues_armelle_spectateurs-768x512.jpg 768w, https:\/\/fermenomade.eu\/wp-content\/uploads\/2024\/12\/7_Ferme_Nomade_2024_Bondues_armelle_spectateurs-1536x1024.jpg 1536w, https:\/\/fermenomade.eu\/wp-content\/uploads\/2024\/12\/7_Ferme_Nomade_2024_Bondues_armelle_spectateurs-2048x1365.jpg 2048w\" sizes=\"auto, (max-width: 1024px) 100vw, 1024px\" \/><\/figure>\n\n\n\n<figure class=\"wp-block-image size-large\"><img loading=\"lazy\" decoding=\"async\" width=\"1024\" height=\"683\" data-id=\"344\" src=\"https:\/\/fermenomade.eu\/wp-content\/uploads\/2024\/12\/8_Ferme_Nomade_2024_Bondues_armelle_grosplan_mains-1024x683.jpg\" alt=\"\" class=\"wp-image-344\" srcset=\"https:\/\/fermenomade.eu\/wp-content\/uploads\/2024\/12\/8_Ferme_Nomade_2024_Bondues_armelle_grosplan_mains-1024x683.jpg 1024w, https:\/\/fermenomade.eu\/wp-content\/uploads\/2024\/12\/8_Ferme_Nomade_2024_Bondues_armelle_grosplan_mains-300x200.jpg 300w, https:\/\/fermenomade.eu\/wp-content\/uploads\/2024\/12\/8_Ferme_Nomade_2024_Bondues_armelle_grosplan_mains-768x512.jpg 768w, https:\/\/fermenomade.eu\/wp-content\/uploads\/2024\/12\/8_Ferme_Nomade_2024_Bondues_armelle_grosplan_mains-1536x1024.jpg 1536w, https:\/\/fermenomade.eu\/wp-content\/uploads\/2024\/12\/8_Ferme_Nomade_2024_Bondues_armelle_grosplan_mains-2048x1365.jpg 2048w\" sizes=\"auto, (max-width: 1024px) 100vw, 1024px\" \/><\/figure>\n\n\n\n<figure class=\"wp-block-image size-large\"><img loading=\"lazy\" decoding=\"async\" width=\"1024\" height=\"683\" data-id=\"346\" src=\"https:\/\/fermenomade.eu\/wp-content\/uploads\/2024\/12\/9_Ferme_Nomade_2024_Bondues_armelle_mains_echalottes-1024x683.jpg\" alt=\"\" class=\"wp-image-346\" srcset=\"https:\/\/fermenomade.eu\/wp-content\/uploads\/2024\/12\/9_Ferme_Nomade_2024_Bondues_armelle_mains_echalottes-1024x683.jpg 1024w, https:\/\/fermenomade.eu\/wp-content\/uploads\/2024\/12\/9_Ferme_Nomade_2024_Bondues_armelle_mains_echalottes-300x200.jpg 300w, https:\/\/fermenomade.eu\/wp-content\/uploads\/2024\/12\/9_Ferme_Nomade_2024_Bondues_armelle_mains_echalottes-768x512.jpg 768w, https:\/\/fermenomade.eu\/wp-content\/uploads\/2024\/12\/9_Ferme_Nomade_2024_Bondues_armelle_mains_echalottes-1536x1024.jpg 1536w, https:\/\/fermenomade.eu\/wp-content\/uploads\/2024\/12\/9_Ferme_Nomade_2024_Bondues_armelle_mains_echalottes-2048x1365.jpg 2048w\" sizes=\"auto, (max-width: 1024px) 100vw, 1024px\" \/><\/figure>\n\n\n\n<figure class=\"wp-block-image size-large\"><img loading=\"lazy\" decoding=\"async\" width=\"1024\" height=\"683\" data-id=\"345\" src=\"https:\/\/fermenomade.eu\/wp-content\/uploads\/2024\/12\/10_Ferme_Nomade_2024_Bondues_armelle_minitracteur-1024x683.jpg\" alt=\"\" class=\"wp-image-345\" srcset=\"https:\/\/fermenomade.eu\/wp-content\/uploads\/2024\/12\/10_Ferme_Nomade_2024_Bondues_armelle_minitracteur-1024x683.jpg 1024w, https:\/\/fermenomade.eu\/wp-content\/uploads\/2024\/12\/10_Ferme_Nomade_2024_Bondues_armelle_minitracteur-300x200.jpg 300w, https:\/\/fermenomade.eu\/wp-content\/uploads\/2024\/12\/10_Ferme_Nomade_2024_Bondues_armelle_minitracteur-768x512.jpg 768w, https:\/\/fermenomade.eu\/wp-content\/uploads\/2024\/12\/10_Ferme_Nomade_2024_Bondues_armelle_minitracteur-1536x1024.jpg 1536w, https:\/\/fermenomade.eu\/wp-content\/uploads\/2024\/12\/10_Ferme_Nomade_2024_Bondues_armelle_minitracteur-2048x1365.jpg 2048w\" sizes=\"auto, (max-width: 1024px) 100vw, 1024px\" \/><\/figure>\n\n\n\n<figure class=\"wp-block-image size-large\"><img loading=\"lazy\" decoding=\"async\" width=\"683\" height=\"1024\" data-id=\"347\" src=\"https:\/\/fermenomade.eu\/wp-content\/uploads\/2024\/12\/11_Ferme_Nomade_2024_Bondues_armelle_echalotte-683x1024.jpg\" alt=\"\" class=\"wp-image-347\" srcset=\"https:\/\/fermenomade.eu\/wp-content\/uploads\/2024\/12\/11_Ferme_Nomade_2024_Bondues_armelle_echalotte-683x1024.jpg 683w, https:\/\/fermenomade.eu\/wp-content\/uploads\/2024\/12\/11_Ferme_Nomade_2024_Bondues_armelle_echalotte-200x300.jpg 200w, https:\/\/fermenomade.eu\/wp-content\/uploads\/2024\/12\/11_Ferme_Nomade_2024_Bondues_armelle_echalotte-768x1152.jpg 768w, https:\/\/fermenomade.eu\/wp-content\/uploads\/2024\/12\/11_Ferme_Nomade_2024_Bondues_armelle_echalotte-1024x1536.jpg 1024w, https:\/\/fermenomade.eu\/wp-content\/uploads\/2024\/12\/11_Ferme_Nomade_2024_Bondues_armelle_echalotte-1365x2048.jpg 1365w, https:\/\/fermenomade.eu\/wp-content\/uploads\/2024\/12\/11_Ferme_Nomade_2024_Bondues_armelle_echalotte-scaled.jpg 1706w\" sizes=\"auto, (max-width: 683px) 100vw, 683px\" \/><\/figure>\n\n\n\n<figure class=\"wp-block-image size-large\"><img loading=\"lazy\" decoding=\"async\" width=\"1024\" height=\"683\" data-id=\"348\" src=\"https:\/\/fermenomade.eu\/wp-content\/uploads\/2024\/12\/12_Ferme_Nomade_2024_Bondues_armelle_-1024x683.jpg\" alt=\"\" class=\"wp-image-348\" srcset=\"https:\/\/fermenomade.eu\/wp-content\/uploads\/2024\/12\/12_Ferme_Nomade_2024_Bondues_armelle_-1024x683.jpg 1024w, https:\/\/fermenomade.eu\/wp-content\/uploads\/2024\/12\/12_Ferme_Nomade_2024_Bondues_armelle_-300x200.jpg 300w, https:\/\/fermenomade.eu\/wp-content\/uploads\/2024\/12\/12_Ferme_Nomade_2024_Bondues_armelle_-768x512.jpg 768w, https:\/\/fermenomade.eu\/wp-content\/uploads\/2024\/12\/12_Ferme_Nomade_2024_Bondues_armelle_-1536x1024.jpg 1536w, https:\/\/fermenomade.eu\/wp-content\/uploads\/2024\/12\/12_Ferme_Nomade_2024_Bondues_armelle_-2048x1365.jpg 2048w\" sizes=\"auto, (max-width: 1024px) 100vw, 1024px\" \/><\/figure>\n\n\n\n<figure class=\"wp-block-image size-large\"><img loading=\"lazy\" decoding=\"async\" width=\"1024\" height=\"683\" data-id=\"349\" src=\"https:\/\/fermenomade.eu\/wp-content\/uploads\/2024\/12\/13_Ferme_Nomade_2024_Bondues_armelle_danse-1024x683.jpg\" alt=\"\" class=\"wp-image-349\" srcset=\"https:\/\/fermenomade.eu\/wp-content\/uploads\/2024\/12\/13_Ferme_Nomade_2024_Bondues_armelle_danse-1024x683.jpg 1024w, https:\/\/fermenomade.eu\/wp-content\/uploads\/2024\/12\/13_Ferme_Nomade_2024_Bondues_armelle_danse-300x200.jpg 300w, https:\/\/fermenomade.eu\/wp-content\/uploads\/2024\/12\/13_Ferme_Nomade_2024_Bondues_armelle_danse-768x512.jpg 768w, https:\/\/fermenomade.eu\/wp-content\/uploads\/2024\/12\/13_Ferme_Nomade_2024_Bondues_armelle_danse-1536x1024.jpg 1536w, https:\/\/fermenomade.eu\/wp-content\/uploads\/2024\/12\/13_Ferme_Nomade_2024_Bondues_armelle_danse-2048x1365.jpg 2048w\" sizes=\"auto, (max-width: 1024px) 100vw, 1024px\" \/><\/figure>\n\n\n\n<figure class=\"wp-block-image size-large\"><img loading=\"lazy\" decoding=\"async\" width=\"1024\" height=\"683\" data-id=\"350\" src=\"https:\/\/fermenomade.eu\/wp-content\/uploads\/2024\/12\/14_Ferme_Nomade_2024_Bondues_armelle_danse-1024x683.jpg\" alt=\"\" class=\"wp-image-350\" srcset=\"https:\/\/fermenomade.eu\/wp-content\/uploads\/2024\/12\/14_Ferme_Nomade_2024_Bondues_armelle_danse-1024x683.jpg 1024w, https:\/\/fermenomade.eu\/wp-content\/uploads\/2024\/12\/14_Ferme_Nomade_2024_Bondues_armelle_danse-300x200.jpg 300w, https:\/\/fermenomade.eu\/wp-content\/uploads\/2024\/12\/14_Ferme_Nomade_2024_Bondues_armelle_danse-768x512.jpg 768w, https:\/\/fermenomade.eu\/wp-content\/uploads\/2024\/12\/14_Ferme_Nomade_2024_Bondues_armelle_danse-1536x1024.jpg 1536w, https:\/\/fermenomade.eu\/wp-content\/uploads\/2024\/12\/14_Ferme_Nomade_2024_Bondues_armelle_danse-2048x1365.jpg 2048w\" sizes=\"auto, (max-width: 1024px) 100vw, 1024px\" \/><\/figure>\n\n\n\n<figure class=\"wp-block-image size-large\"><img loading=\"lazy\" decoding=\"async\" width=\"1024\" height=\"683\" data-id=\"352\" src=\"https:\/\/fermenomade.eu\/wp-content\/uploads\/2024\/12\/15_Ferme_Nomade_2024_Bondues_armelle_danse-1024x683.jpg\" alt=\"\" class=\"wp-image-352\" srcset=\"https:\/\/fermenomade.eu\/wp-content\/uploads\/2024\/12\/15_Ferme_Nomade_2024_Bondues_armelle_danse-1024x683.jpg 1024w, https:\/\/fermenomade.eu\/wp-content\/uploads\/2024\/12\/15_Ferme_Nomade_2024_Bondues_armelle_danse-300x200.jpg 300w, https:\/\/fermenomade.eu\/wp-content\/uploads\/2024\/12\/15_Ferme_Nomade_2024_Bondues_armelle_danse-768x512.jpg 768w, https:\/\/fermenomade.eu\/wp-content\/uploads\/2024\/12\/15_Ferme_Nomade_2024_Bondues_armelle_danse-1536x1024.jpg 1536w, https:\/\/fermenomade.eu\/wp-content\/uploads\/2024\/12\/15_Ferme_Nomade_2024_Bondues_armelle_danse-2048x1365.jpg 2048w\" sizes=\"auto, (max-width: 1024px) 100vw, 1024px\" \/><\/figure>\n\n\n\n<figure class=\"wp-block-image size-large\"><img loading=\"lazy\" decoding=\"async\" width=\"1024\" height=\"683\" data-id=\"351\" src=\"https:\/\/fermenomade.eu\/wp-content\/uploads\/2024\/12\/16_Ferme_Nomade_2024_Bondues_armelle_public-1024x683.jpg\" alt=\"\" class=\"wp-image-351\" srcset=\"https:\/\/fermenomade.eu\/wp-content\/uploads\/2024\/12\/16_Ferme_Nomade_2024_Bondues_armelle_public-1024x683.jpg 1024w, https:\/\/fermenomade.eu\/wp-content\/uploads\/2024\/12\/16_Ferme_Nomade_2024_Bondues_armelle_public-300x200.jpg 300w, https:\/\/fermenomade.eu\/wp-content\/uploads\/2024\/12\/16_Ferme_Nomade_2024_Bondues_armelle_public-768x512.jpg 768w, https:\/\/fermenomade.eu\/wp-content\/uploads\/2024\/12\/16_Ferme_Nomade_2024_Bondues_armelle_public-1536x1024.jpg 1536w, https:\/\/fermenomade.eu\/wp-content\/uploads\/2024\/12\/16_Ferme_Nomade_2024_Bondues_armelle_public-2048x1365.jpg 2048w\" sizes=\"auto, (max-width: 1024px) 100vw, 1024px\" \/><\/figure>\n\n\n\n<figure class=\"wp-block-image size-large\"><img loading=\"lazy\" decoding=\"async\" width=\"1024\" height=\"683\" data-id=\"353\" src=\"https:\/\/fermenomade.eu\/wp-content\/uploads\/2024\/12\/17_Ferme_Nomade_2024_Bondues_armelle_enfant-1024x683.jpg\" alt=\"\" class=\"wp-image-353\" srcset=\"https:\/\/fermenomade.eu\/wp-content\/uploads\/2024\/12\/17_Ferme_Nomade_2024_Bondues_armelle_enfant-1024x683.jpg 1024w, https:\/\/fermenomade.eu\/wp-content\/uploads\/2024\/12\/17_Ferme_Nomade_2024_Bondues_armelle_enfant-300x200.jpg 300w, https:\/\/fermenomade.eu\/wp-content\/uploads\/2024\/12\/17_Ferme_Nomade_2024_Bondues_armelle_enfant-768x512.jpg 768w, https:\/\/fermenomade.eu\/wp-content\/uploads\/2024\/12\/17_Ferme_Nomade_2024_Bondues_armelle_enfant-1536x1024.jpg 1536w, https:\/\/fermenomade.eu\/wp-content\/uploads\/2024\/12\/17_Ferme_Nomade_2024_Bondues_armelle_enfant-2048x1365.jpg 2048w\" sizes=\"auto, (max-width: 1024px) 100vw, 1024px\" \/><\/figure>\n<\/figure>\n\n\n\n<p>Photos Gabriela Tellez \u00e0 la Prairie de Bondues, le 6 juillet 2024<\/p>\n\n\n\n<div style=\"height:50px\" aria-hidden=\"true\" class=\"wp-block-spacer\"><\/div>\n\n\n\n<div class=\"wp-block-cover alignwide is-light wp-duotone-rgb2813753-054f23-2\" style=\"padding-top:var(--wp--preset--spacing--40);padding-bottom:var(--wp--preset--spacing--40);min-height:244px;aspect-ratio:unset;\"><img loading=\"lazy\" decoding=\"async\" width=\"2560\" height=\"1707\" class=\"wp-block-cover__image-background wp-image-338\" alt=\"\" src=\"https:\/\/fermenomade.eu\/wp-content\/uploads\/2024\/12\/1_Ferme_Nomade_2024_Bondues_installation-scaled.jpg\" style=\"object-position:41% 0%\" data-object-fit=\"cover\" data-object-position=\"41% 0%\" srcset=\"https:\/\/fermenomade.eu\/wp-content\/uploads\/2024\/12\/1_Ferme_Nomade_2024_Bondues_installation-scaled.jpg 2560w, https:\/\/fermenomade.eu\/wp-content\/uploads\/2024\/12\/1_Ferme_Nomade_2024_Bondues_installation-300x200.jpg 300w, https:\/\/fermenomade.eu\/wp-content\/uploads\/2024\/12\/1_Ferme_Nomade_2024_Bondues_installation-1024x683.jpg 1024w, https:\/\/fermenomade.eu\/wp-content\/uploads\/2024\/12\/1_Ferme_Nomade_2024_Bondues_installation-768x512.jpg 768w, https:\/\/fermenomade.eu\/wp-content\/uploads\/2024\/12\/1_Ferme_Nomade_2024_Bondues_installation-1536x1024.jpg 1536w, https:\/\/fermenomade.eu\/wp-content\/uploads\/2024\/12\/1_Ferme_Nomade_2024_Bondues_installation-2048x1365.jpg 2048w\" sizes=\"auto, (max-width: 2560px) 100vw, 2560px\" \/><span aria-hidden=\"true\" class=\"wp-block-cover__background has-base-2-background-color has-background-dim-90 has-background-dim\"><\/span><div class=\"wp-block-cover__inner-container has-global-padding is-layout-constrained wp-container-core-cover-is-layout-b6e4ddd0 wp-block-cover-is-layout-constrained\">\n<h3 class=\"wp-block-heading has-text-align-left has-large-font-size\">Vous \u00eates une structure culturelle, une association ou une collectivit\u00e9 int\u00e9ress\u00e9 par nos exp\u00e9riences ?<\/h3>\n\n\n\n<p class=\"has-text-align-left has-medium-font-size\">Vous souhaitez obtenir un dossier de diffusion ou une vid\u00e9o de captation g\u00e9n\u00e9rale ?<\/p>\n\n\n\n<div class=\"wp-block-buttons is-content-justification-left is-layout-flex wp-container-core-buttons-is-layout-fc4fd283 wp-block-buttons-is-layout-flex\">\n<div class=\"wp-block-button\"><a class=\"wp-block-button__link wp-element-button\" href=\"https:\/\/fermenomade.eu\/nl\/contact\/\">Contactez nous<\/a><\/div>\n<\/div>\n<\/div><\/div>","protected":false},"excerpt":{"rendered":"<p>Reportage dans le cadre de Plaines d&rsquo;\u00e9t\u00e9le 7 septembre 2024 \u00e0 la Ferme Urbaine du Trichon \u00e0 Roubaix Photos Gabriela Tellez \u00e0 la Prairie de Bondues, le 6 juillet 2024<\/p>","protected":false},"author":2,"featured_media":0,"parent":11,"menu_order":1,"comment_status":"closed","ping_status":"closed","template":"","meta":{"footnotes":""},"class_list":["post-358","page","type-page","status-publish","hentry"],"_links":{"self":[{"href":"https:\/\/fermenomade.eu\/nl\/wp-json\/wp\/v2\/pages\/358","targetHints":{"allow":["GET"]}}],"collection":[{"href":"https:\/\/fermenomade.eu\/nl\/wp-json\/wp\/v2\/pages"}],"about":[{"href":"https:\/\/fermenomade.eu\/nl\/wp-json\/wp\/v2\/types\/page"}],"author":[{"embeddable":true,"href":"https:\/\/fermenomade.eu\/nl\/wp-json\/wp\/v2\/users\/2"}],"replies":[{"embeddable":true,"href":"https:\/\/fermenomade.eu\/nl\/wp-json\/wp\/v2\/comments?post=358"}],"version-history":[{"count":9,"href":"https:\/\/fermenomade.eu\/nl\/wp-json\/wp\/v2\/pages\/358\/revisions"}],"predecessor-version":[{"id":413,"href":"https:\/\/fermenomade.eu\/nl\/wp-json\/wp\/v2\/pages\/358\/revisions\/413"}],"up":[{"embeddable":true,"href":"https:\/\/fermenomade.eu\/nl\/wp-json\/wp\/v2\/pages\/11"}],"wp:attachment":[{"href":"https:\/\/fermenomade.eu\/nl\/wp-json\/wp\/v2\/media?parent=358"}],"curies":[{"name":"wp","href":"https:\/\/api.w.org\/{rel}","templated":true}]}}