{"id":395,"date":"2024-12-18T09:49:48","date_gmt":"2024-12-18T09:49:48","guid":{"rendered":"https:\/\/fermenomade.eu\/?page_id=395"},"modified":"2025-04-29T15:14:11","modified_gmt":"2025-04-29T15:14:11","slug":"atelier","status":"publish","type":"page","link":"https:\/\/fermenomade.eu\/nl\/volante-solo-pour-une-maraichere\/atelier\/","title":{"rendered":"Sensibilisation"},"content":{"rendered":"<div class=\"wp-block-group alignwide is-layout-flow wp-block-group-is-layout-flow\">\n<p>Autour des repr\u00e9sentations, nous proposons des ateliers en lien avec le spectacle. <\/p>\n\n\n\n<p>Par Cl\u00e9mentine, la chor\u00e9graphe qui sait m\u00eame faire danser des \u00e9chalotes, Camille qui transforme des pierres en orateurs et Armelle, la fermi\u00e8re volante.<\/p>\n\n\n\n<p>Voici quelques id\u00e9es qui peuvent s\u2019adapter aux lieux et aux publics en question :&nbsp;<\/p>\n\n\n\n<div class=\"wp-block-query is-layout-flow wp-block-query-is-layout-flow\"><ul class=\"columns-2 wp-block-post-template is-layout-grid wp-container-core-post-template-is-layout-02493678 wp-block-post-template-is-layout-grid\"><li class=\"wp-block-post post-452 ateliers type-ateliers status-publish has-post-thumbnail hentry type_atelier-ateliers-de-sensibilisation type_atelier-sensibilisation-volante\">\n<figure class=\"wp-block-post-featured-image\"><img loading=\"lazy\" decoding=\"async\" width=\"2560\" height=\"1707\" src=\"https:\/\/fermenomade.eu\/wp-content\/uploads\/2024\/05\/ferme-nomade-comme-une-balade-2022-23-scaled.jpg\" class=\"attachment-post-thumbnail size-post-thumbnail wp-post-image\" alt=\"\" style=\"border-radius:0px;object-fit:cover;\" srcset=\"https:\/\/fermenomade.eu\/wp-content\/uploads\/2024\/05\/ferme-nomade-comme-une-balade-2022-23-scaled.jpg 2560w, https:\/\/fermenomade.eu\/wp-content\/uploads\/2024\/05\/ferme-nomade-comme-une-balade-2022-23-300x200.jpg 300w, https:\/\/fermenomade.eu\/wp-content\/uploads\/2024\/05\/ferme-nomade-comme-une-balade-2022-23-1024x683.jpg 1024w, https:\/\/fermenomade.eu\/wp-content\/uploads\/2024\/05\/ferme-nomade-comme-une-balade-2022-23-768x512.jpg 768w, https:\/\/fermenomade.eu\/wp-content\/uploads\/2024\/05\/ferme-nomade-comme-une-balade-2022-23-1536x1024.jpg 1536w, https:\/\/fermenomade.eu\/wp-content\/uploads\/2024\/05\/ferme-nomade-comme-une-balade-2022-23-2048x1365.jpg 2048w\" sizes=\"auto, (max-width: 2560px) 100vw, 2560px\" \/><\/figure>\n\n<h2 class=\"wp-block-post-title\"><a href=\"https:\/\/fermenomade.eu\/nl\/ateliers\/ateliers-decriture\/\" target=\"_self\" >Atelier d\u2019\u00e9criture<\/a><\/h2>\n\n<div class=\"wp-block-post-excerpt\"><p class=\"wp-block-post-excerpt__excerpt\">Prolongez l&rsquo;aventure de Volante par un atelier d&rsquo;\u00e9criture pour d\u00e9velopper notre empathie avec le vivant en forme \u00e9crite.<\/p><p class=\"wp-block-post-excerpt__more-text\"><a class=\"wp-block-post-excerpt__more-link\" href=\"https:\/\/fermenomade.eu\/nl\/ateliers\/ateliers-decriture\/\">En savoir plus sur cet atelier<\/a><\/p><\/div>\n<\/li><li class=\"wp-block-post post-450 ateliers type-ateliers status-publish has-post-thumbnail hentry type_atelier-ateliers-de-sensibilisation type_atelier-sensibilisation-volante\">\n<figure class=\"wp-block-post-featured-image\"><img loading=\"lazy\" decoding=\"async\" width=\"2560\" height=\"1707\" src=\"https:\/\/fermenomade.eu\/wp-content\/uploads\/2024\/05\/ferme-nomade-comme-une-balade-2022-15-scaled.jpg\" class=\"attachment-post-thumbnail size-post-thumbnail wp-post-image\" alt=\"\" style=\"border-radius:0px;object-fit:cover;\" srcset=\"https:\/\/fermenomade.eu\/wp-content\/uploads\/2024\/05\/ferme-nomade-comme-une-balade-2022-15-scaled.jpg 2560w, https:\/\/fermenomade.eu\/wp-content\/uploads\/2024\/05\/ferme-nomade-comme-une-balade-2022-15-300x200.jpg 300w, https:\/\/fermenomade.eu\/wp-content\/uploads\/2024\/05\/ferme-nomade-comme-une-balade-2022-15-1024x683.jpg 1024w, https:\/\/fermenomade.eu\/wp-content\/uploads\/2024\/05\/ferme-nomade-comme-une-balade-2022-15-768x512.jpg 768w, https:\/\/fermenomade.eu\/wp-content\/uploads\/2024\/05\/ferme-nomade-comme-une-balade-2022-15-1536x1024.jpg 1536w, https:\/\/fermenomade.eu\/wp-content\/uploads\/2024\/05\/ferme-nomade-comme-une-balade-2022-15-2048x1365.jpg 2048w\" sizes=\"auto, (max-width: 2560px) 100vw, 2560px\" \/><\/figure>\n\n<h2 class=\"wp-block-post-title\"><a href=\"https:\/\/fermenomade.eu\/nl\/ateliers\/atelier-de-plantations\/\" target=\"_self\" >Atelier de plantations<\/a><\/h2>\n\n<div class=\"wp-block-post-excerpt\"><p class=\"wp-block-post-excerpt__excerpt\">Approfondissez le lien avec la terre en d\u00e9couvrant les graines derri\u00e8re les l\u00e9gumes.<\/p><p class=\"wp-block-post-excerpt__more-text\"><a class=\"wp-block-post-excerpt__more-link\" href=\"https:\/\/fermenomade.eu\/nl\/ateliers\/atelier-de-plantations\/\">En savoir plus sur cet atelier<\/a><\/p><\/div>\n<\/li><li class=\"wp-block-post post-446 ateliers type-ateliers status-publish has-post-thumbnail hentry type_atelier-ateliers-de-sensibilisation type_atelier-sensibilisation-volante\">\n<figure class=\"wp-block-post-featured-image\"><img loading=\"lazy\" decoding=\"async\" width=\"2560\" height=\"1707\" src=\"https:\/\/fermenomade.eu\/wp-content\/uploads\/2024\/12\/10_Ferme_Nomade_2024_Bondues_armelle_minitracteur-scaled.jpg\" class=\"attachment-post-thumbnail size-post-thumbnail wp-post-image\" alt=\"\" style=\"border-radius:0px;object-fit:cover;\" srcset=\"https:\/\/fermenomade.eu\/wp-content\/uploads\/2024\/12\/10_Ferme_Nomade_2024_Bondues_armelle_minitracteur-scaled.jpg 2560w, https:\/\/fermenomade.eu\/wp-content\/uploads\/2024\/12\/10_Ferme_Nomade_2024_Bondues_armelle_minitracteur-300x200.jpg 300w, https:\/\/fermenomade.eu\/wp-content\/uploads\/2024\/12\/10_Ferme_Nomade_2024_Bondues_armelle_minitracteur-1024x683.jpg 1024w, https:\/\/fermenomade.eu\/wp-content\/uploads\/2024\/12\/10_Ferme_Nomade_2024_Bondues_armelle_minitracteur-768x512.jpg 768w, https:\/\/fermenomade.eu\/wp-content\/uploads\/2024\/12\/10_Ferme_Nomade_2024_Bondues_armelle_minitracteur-1536x1024.jpg 1536w, https:\/\/fermenomade.eu\/wp-content\/uploads\/2024\/12\/10_Ferme_Nomade_2024_Bondues_armelle_minitracteur-2048x1365.jpg 2048w\" sizes=\"auto, (max-width: 2560px) 100vw, 2560px\" \/><\/figure>\n\n<h2 class=\"wp-block-post-title\"><a href=\"https:\/\/fermenomade.eu\/nl\/ateliers\/balade-de-cueillette-sauvage\/\" target=\"_self\" >Balade de cueillette sauvage<\/a><\/h2>\n\n<div class=\"wp-block-post-excerpt\"><p class=\"wp-block-post-excerpt__excerpt\">Venez-vous baladez en regardant ce que le sol et ses habitants plantes nous racontent.<\/p><p class=\"wp-block-post-excerpt__more-text\"><a class=\"wp-block-post-excerpt__more-link\" href=\"https:\/\/fermenomade.eu\/nl\/ateliers\/balade-de-cueillette-sauvage\/\">En savoir plus sur cet atelier<\/a><\/p><\/div>\n<\/li><li class=\"wp-block-post post-439 ateliers type-ateliers status-publish has-post-thumbnail hentry type_atelier-ateliers-de-sensibilisation type_atelier-sensibilisation-volante\">\n<figure class=\"wp-block-post-featured-image\"><img loading=\"lazy\" decoding=\"async\" width=\"2560\" height=\"1707\" src=\"https:\/\/fermenomade.eu\/wp-content\/uploads\/2024\/12\/2_Ferme_Nomade_2024_Bondues_spectateurs-scaled.jpg\" class=\"attachment-post-thumbnail size-post-thumbnail wp-post-image\" alt=\"\" style=\"border-radius:0px;object-fit:cover;\" srcset=\"https:\/\/fermenomade.eu\/wp-content\/uploads\/2024\/12\/2_Ferme_Nomade_2024_Bondues_spectateurs-scaled.jpg 2560w, https:\/\/fermenomade.eu\/wp-content\/uploads\/2024\/12\/2_Ferme_Nomade_2024_Bondues_spectateurs-300x200.jpg 300w, https:\/\/fermenomade.eu\/wp-content\/uploads\/2024\/12\/2_Ferme_Nomade_2024_Bondues_spectateurs-1024x683.jpg 1024w, https:\/\/fermenomade.eu\/wp-content\/uploads\/2024\/12\/2_Ferme_Nomade_2024_Bondues_spectateurs-768x512.jpg 768w, https:\/\/fermenomade.eu\/wp-content\/uploads\/2024\/12\/2_Ferme_Nomade_2024_Bondues_spectateurs-1536x1024.jpg 1536w, https:\/\/fermenomade.eu\/wp-content\/uploads\/2024\/12\/2_Ferme_Nomade_2024_Bondues_spectateurs-2048x1365.jpg 2048w\" sizes=\"auto, (max-width: 2560px) 100vw, 2560px\" \/><\/figure>\n\n<h2 class=\"wp-block-post-title\"><a href=\"https:\/\/fermenomade.eu\/nl\/ateliers\/archive-des-gestes\/\" target=\"_self\" >Archive des gestes<\/a><\/h2>\n\n<div class=\"wp-block-post-excerpt\"><p class=\"wp-block-post-excerpt__excerpt\">Dansons ensemble avec nos souvenirs de gestes.<\/p><p class=\"wp-block-post-excerpt__more-text\"><a class=\"wp-block-post-excerpt__more-link\" href=\"https:\/\/fermenomade.eu\/nl\/ateliers\/archive-des-gestes\/\">En savoir plus sur cet atelier<\/a><\/p><\/div>\n<\/li><\/ul>\n\n\n\n<\/div>\n<\/div>","protected":false},"excerpt":{"rendered":"<p>Autour des repr\u00e9sentations, nous proposons des ateliers en lien avec le spectacle. Par Cl\u00e9mentine, la chor\u00e9graphe qui sait m\u00eame faire danser des \u00e9chalotes, Camille qui transforme des pierres en orateurs et Armelle, la fermi\u00e8re volante. Voici quelques id\u00e9es qui peuvent s\u2019adapter aux lieux et aux publics en question :&nbsp;<\/p>","protected":false},"author":2,"featured_media":0,"parent":11,"menu_order":2,"comment_status":"closed","ping_status":"closed","template":"","meta":{"footnotes":""},"class_list":["post-395","page","type-page","status-publish","hentry"],"_links":{"self":[{"href":"https:\/\/fermenomade.eu\/nl\/wp-json\/wp\/v2\/pages\/395","targetHints":{"allow":["GET"]}}],"collection":[{"href":"https:\/\/fermenomade.eu\/nl\/wp-json\/wp\/v2\/pages"}],"about":[{"href":"https:\/\/fermenomade.eu\/nl\/wp-json\/wp\/v2\/types\/page"}],"author":[{"embeddable":true,"href":"https:\/\/fermenomade.eu\/nl\/wp-json\/wp\/v2\/users\/2"}],"replies":[{"embeddable":true,"href":"https:\/\/fermenomade.eu\/nl\/wp-json\/wp\/v2\/comments?post=395"}],"version-history":[{"count":14,"href":"https:\/\/fermenomade.eu\/nl\/wp-json\/wp\/v2\/pages\/395\/revisions"}],"predecessor-version":[{"id":477,"href":"https:\/\/fermenomade.eu\/nl\/wp-json\/wp\/v2\/pages\/395\/revisions\/477"}],"up":[{"embeddable":true,"href":"https:\/\/fermenomade.eu\/nl\/wp-json\/wp\/v2\/pages\/11"}],"wp:attachment":[{"href":"https:\/\/fermenomade.eu\/nl\/wp-json\/wp\/v2\/media?parent=395"}],"curies":[{"name":"wp","href":"https:\/\/api.w.org\/{rel}","templated":true}]}}