{"id":78,"date":"2024-05-02T16:34:11","date_gmt":"2024-05-02T16:34:11","guid":{"rendered":"https:\/\/fermenomade.eu\/?page_id=78"},"modified":"2025-08-15T14:37:50","modified_gmt":"2025-08-15T14:37:50","slug":"a-propos","status":"publish","type":"page","link":"https:\/\/fermenomade.eu\/nl\/","title":{"rendered":"Ferme Nomade"},"content":{"rendered":"<h2 class=\"wp-block-heading\"><\/h2>\n\n\n\n<div style=\"height:33px\" aria-hidden=\"true\" class=\"wp-block-spacer\"><\/div>\n\n\n\n<div class=\"wp-block-group alignwide has-global-padding is-layout-constrained wp-container-core-group-is-layout-0b11d54d wp-block-group-is-layout-constrained\">\n<div class=\"wp-block-columns is-layout-flex wp-container-core-columns-is-layout-28f84493 wp-block-columns-is-layout-flex\">\n<div class=\"wp-block-column is-layout-flow wp-block-column-is-layout-flow\">\n<figure class=\"wp-block-image size-large\"><img loading=\"lazy\" decoding=\"async\" width=\"1024\" height=\"683\" src=\"https:\/\/fermenomade.eu\/wp-content\/uploads\/2024\/05\/Houplines_FermeNomade_6-1024x683.jpg\" alt=\"\" class=\"wp-image-32\" srcset=\"https:\/\/fermenomade.eu\/wp-content\/uploads\/2024\/05\/Houplines_FermeNomade_6-1024x683.jpg 1024w, https:\/\/fermenomade.eu\/wp-content\/uploads\/2024\/05\/Houplines_FermeNomade_6-300x200.jpg 300w, https:\/\/fermenomade.eu\/wp-content\/uploads\/2024\/05\/Houplines_FermeNomade_6-768x512.jpg 768w, https:\/\/fermenomade.eu\/wp-content\/uploads\/2024\/05\/Houplines_FermeNomade_6-1536x1024.jpg 1536w, https:\/\/fermenomade.eu\/wp-content\/uploads\/2024\/05\/Houplines_FermeNomade_6-2048x1365.jpg 2048w\" sizes=\"auto, (max-width: 1024px) 100vw, 1024px\" \/><\/figure>\n<\/div>\n\n\n\n<div class=\"wp-block-column is-layout-flow wp-block-column-is-layout-flow\">\n<p><strong>Ferme Nomade<\/strong> a \u00e9t\u00e9 lanc\u00e9e en 2021 pour porter un regard po\u00e9tique sur les histoires et les corps qui circulent dans les lieux agricoles. Par une collecte d\u2019histoires et de gestes et des ateliers cr\u00e9atifs men\u00e9s au sein des fermes, Armelle Verrips, mara\u00eech\u00e8re et artiste, a lanc\u00e9 diff\u00e9rents projets en tant que Fermi\u00e8re Volante.<\/p>\n\n\n\n<p>\u00c0 la fronti\u00e8re de la composition et du t\u00e9moignage, ce th\u00e9\u00e2tre document\u00e9 permet par une exploration chor\u00e9graphique et textuelle, de mieux d\u00e9finir notre rapport au vivant et \u00e0 celleux qui nous nourrissent.<\/p>\n\n\n\n<p>Depuis 2024, Ferme Nomade d\u00e9veloppe ses projets aupr\u00e8s de structures culturelles de la r\u00e9gion des Hauts-de-France.<\/p>\n\n\n\n<p><\/p>\n<\/div>\n<\/div>\n\n\n\n<h2 class=\"wp-block-heading\">Les projets<\/h2>\n\n\n\n<div class=\"wp-block-columns is-layout-flex wp-container-core-columns-is-layout-28f84493 wp-block-columns-is-layout-flex\">\n<div class=\"wp-block-column is-layout-flow wp-block-column-is-layout-flow\">\n<figure class=\"wp-block-image size-large\"><img loading=\"lazy\" decoding=\"async\" width=\"1024\" height=\"683\" src=\"https:\/\/fermenomade.eu\/wp-content\/uploads\/2025\/06\/lire_petit_31-1024x683.jpg\" alt=\"\" class=\"wp-image-494\" srcset=\"https:\/\/fermenomade.eu\/wp-content\/uploads\/2025\/06\/lire_petit_31-1024x683.jpg 1024w, https:\/\/fermenomade.eu\/wp-content\/uploads\/2025\/06\/lire_petit_31-300x200.jpg 300w, https:\/\/fermenomade.eu\/wp-content\/uploads\/2025\/06\/lire_petit_31-768x512.jpg 768w, https:\/\/fermenomade.eu\/wp-content\/uploads\/2025\/06\/lire_petit_31-1536x1024.jpg 1536w, https:\/\/fermenomade.eu\/wp-content\/uploads\/2025\/06\/lire_petit_31-18x12.jpg 18w\" sizes=\"auto, (max-width: 1024px) 100vw, 1024px\" \/><\/figure>\n\n\n\n<h3 class=\"wp-block-heading\">Lis-Terre-Air<\/h3>\n\n\n\n<p style=\"margin-top:0;margin-bottom:0\">Lectures et ateliers participatifs<\/p>\n\n\n\n<p><a href=\"https:\/\/fermenomade.eu\/nl\/lis-terre-air\/\" data-type=\"page\" data-id=\"482\">Voir le projet<\/a><\/p>\n<\/div>\n\n\n\n<div class=\"wp-block-column is-layout-flow wp-block-column-is-layout-flow\">\n<figure class=\"wp-block-image size-large\"><img loading=\"lazy\" decoding=\"async\" width=\"1024\" height=\"683\" src=\"https:\/\/fermenomade.eu\/wp-content\/uploads\/2025\/06\/Armelle_valisse-19-2-edited-1-1024x683.jpg\" alt=\"\" class=\"wp-image-548\" srcset=\"https:\/\/fermenomade.eu\/wp-content\/uploads\/2025\/06\/Armelle_valisse-19-2-edited-1-1024x683.jpg 1024w, https:\/\/fermenomade.eu\/wp-content\/uploads\/2025\/06\/Armelle_valisse-19-2-edited-1-300x200.jpg 300w, https:\/\/fermenomade.eu\/wp-content\/uploads\/2025\/06\/Armelle_valisse-19-2-edited-1-768x512.jpg 768w, https:\/\/fermenomade.eu\/wp-content\/uploads\/2025\/06\/Armelle_valisse-19-2-edited-1-1536x1024.jpg 1536w, https:\/\/fermenomade.eu\/wp-content\/uploads\/2025\/06\/Armelle_valisse-19-2-edited-1-2048x1365.jpg 2048w, https:\/\/fermenomade.eu\/wp-content\/uploads\/2025\/06\/Armelle_valisse-19-2-edited-1-18x12.jpg 18w\" sizes=\"auto, (max-width: 1024px) 100vw, 1024px\" \/><\/figure>\n\n\n\n<h3 class=\"wp-block-heading\">Volante<\/h3>\n\n\n\n<p style=\"margin-top:0;margin-bottom:0\">Solo pour une mara\u00eech\u00e8re<\/p>\n\n\n\n<p><a href=\"https:\/\/fermenomade.eu\/nl\/volante-solo-pour-une-maraichere\/\" data-type=\"page\" data-id=\"11\">Voir le projet<\/a><\/p>\n<\/div>\n\n\n\n<div class=\"wp-block-column is-layout-flow wp-block-column-is-layout-flow\">\n<figure class=\"wp-block-image size-large\"><img loading=\"lazy\" decoding=\"async\" width=\"1024\" height=\"683\" src=\"https:\/\/fermenomade.eu\/wp-content\/uploads\/2024\/05\/Houplines_FermeNomade_23-1024x683.jpg\" alt=\"\" class=\"wp-image-50\" srcset=\"https:\/\/fermenomade.eu\/wp-content\/uploads\/2024\/05\/Houplines_FermeNomade_23-1024x683.jpg 1024w, https:\/\/fermenomade.eu\/wp-content\/uploads\/2024\/05\/Houplines_FermeNomade_23-300x200.jpg 300w, https:\/\/fermenomade.eu\/wp-content\/uploads\/2024\/05\/Houplines_FermeNomade_23-768x512.jpg 768w, https:\/\/fermenomade.eu\/wp-content\/uploads\/2024\/05\/Houplines_FermeNomade_23-1536x1024.jpg 1536w, https:\/\/fermenomade.eu\/wp-content\/uploads\/2024\/05\/Houplines_FermeNomade_23-2048x1365.jpg 2048w\" sizes=\"auto, (max-width: 1024px) 100vw, 1024px\" \/><\/figure>\n\n\n\n<h3 class=\"wp-block-heading\">Exp\u00e9riences in situ<\/h3>\n\n\n\n<p style=\"margin-top:0;margin-bottom:0\">Inspir\u00e9es d&rsquo;une th\u00e9matique<\/p>\n\n\n\n<p><a href=\"https:\/\/fermenomade.eu\/nl\/precedents-spectacles\/\" data-type=\"page\" data-id=\"128\">Voir les exp\u00e9riences<\/a><\/p>\n<\/div>\n<\/div>\n\n\n\n<p><br><\/p>\n<\/div>\n\n\n\n<div class=\"wp-block-columns are-vertically-aligned-center is-layout-flex wp-container-core-columns-is-layout-28f84493 wp-block-columns-is-layout-flex\">\n<div class=\"wp-block-column is-vertically-aligned-center is-layout-flow wp-block-column-is-layout-flow\">\n<h2 class=\"wp-block-heading\">Porteuse de projet<\/h2>\n\n\n\n<p>Armelle Verrips s\u2019est reconvertie au mara\u00eechage apr\u00e8s des \u00e9tudes de lettres et une vie de projets artistiques (danse, conte et th\u00e9\u00e2tre de rue).<\/p>\n\n\n\n<p>Apr\u00e8s un BPREA en 2019 au Lyc\u00e9e horticole de Lomme, elle est salari\u00e9e mi-temps en tant que mara\u00eech\u00e8re  aupr\u00e8s de Romuald Botte, Agn\u00e8s Kindt, Claire Monnier et Hugues Trachet autour de Lille.<\/p>\n\n\n\n<p>Cette activit\u00e9 l\u2019inspire pour cr\u00e9er en parall\u00e8le des projets agri-culturels. D\u2019abord sous forme de portes ouvertes puis en lan\u00e7ant Ferme Nomade en 2021.<\/p>\n\n\n\n<p><a href=\"https:\/\/fermenomade.eu\/nl\/blog\/\" data-type=\"page\" data-id=\"553\">Voir Blog<\/a><\/p>\n<\/div>\n\n\n\n<div class=\"wp-block-column is-vertically-aligned-center is-layout-flow wp-block-column-is-layout-flow\">\n<figure class=\"wp-block-image size-large\"><img loading=\"lazy\" decoding=\"async\" width=\"1024\" height=\"683\" src=\"https:\/\/fermenomade.eu\/wp-content\/uploads\/2024\/05\/Houplines_FermeNomade_1-1024x683.jpg\" alt=\"\" class=\"wp-image-28\" srcset=\"https:\/\/fermenomade.eu\/wp-content\/uploads\/2024\/05\/Houplines_FermeNomade_1-1024x683.jpg 1024w, https:\/\/fermenomade.eu\/wp-content\/uploads\/2024\/05\/Houplines_FermeNomade_1-300x200.jpg 300w, https:\/\/fermenomade.eu\/wp-content\/uploads\/2024\/05\/Houplines_FermeNomade_1-768x512.jpg 768w, https:\/\/fermenomade.eu\/wp-content\/uploads\/2024\/05\/Houplines_FermeNomade_1-1536x1024.jpg 1536w, https:\/\/fermenomade.eu\/wp-content\/uploads\/2024\/05\/Houplines_FermeNomade_1-2048x1365.jpg 2048w\" sizes=\"auto, (max-width: 1024px) 100vw, 1024px\" \/><\/figure>\n<\/div>\n<\/div>\n\n\n\n<div style=\"height:33px\" aria-hidden=\"true\" class=\"wp-block-spacer\"><\/div>\n\n\n\n<h2 class=\"wp-block-heading\">Autres artistes<\/h2>\n\n\n\n<p>D\u2019autres artistes se sont reli\u00e9s \u00e0 Ferme Nomade au fur et \u00e0 mesure des projets, approfondissant ainsi le travail autour du corps, du texte, de l\u2019image et permettant des ateliers diversifi\u00e9s autour de nos d\u00e9marches artistiques.<\/p>\n\n\n\n<div class=\"wp-block-columns is-layout-flex wp-container-core-columns-is-layout-28f84493 wp-block-columns-is-layout-flex\">\n<div class=\"wp-block-column is-layout-flow wp-block-column-is-layout-flow\">\n<figure class=\"wp-block-image size-large\"><img loading=\"lazy\" decoding=\"async\" width=\"1024\" height=\"683\" src=\"https:\/\/fermenomade.eu\/wp-content\/uploads\/2024\/05\/Houplines_FermeNomade_7-1024x683.jpg\" alt=\"\" class=\"wp-image-34\" srcset=\"https:\/\/fermenomade.eu\/wp-content\/uploads\/2024\/05\/Houplines_FermeNomade_7-1024x683.jpg 1024w, https:\/\/fermenomade.eu\/wp-content\/uploads\/2024\/05\/Houplines_FermeNomade_7-300x200.jpg 300w, https:\/\/fermenomade.eu\/wp-content\/uploads\/2024\/05\/Houplines_FermeNomade_7-768x512.jpg 768w, https:\/\/fermenomade.eu\/wp-content\/uploads\/2024\/05\/Houplines_FermeNomade_7-1536x1024.jpg 1536w, https:\/\/fermenomade.eu\/wp-content\/uploads\/2024\/05\/Houplines_FermeNomade_7-2048x1365.jpg 2048w\" sizes=\"auto, (max-width: 1024px) 100vw, 1024px\" \/><\/figure>\n\n\n\n<h3 class=\"wp-block-heading\">Camille Faucherre<\/h3>\n\n\n\n<p><\/p>\n\n\n\n<p style=\"margin-top:0;margin-bottom:0\">Auteur, metteur-en-sc\u00e8ne autodidacte, il travaille principalement dans les espaces publics, au plus pr\u00e8s des individus et des territoires. <\/p>\n<\/div>\n\n\n\n<div class=\"wp-block-column is-layout-flow wp-block-column-is-layout-flow\">\n<figure class=\"wp-block-image size-large\"><img loading=\"lazy\" decoding=\"async\" width=\"2560\" height=\"1708\" src=\"https:\/\/fermenomade.eu\/wp-content\/uploads\/2025\/06\/ferme-nomade-comme-une-balade-2022-31-edited-scaled.jpg\" alt=\"\" class=\"wp-image-591\" srcset=\"https:\/\/fermenomade.eu\/wp-content\/uploads\/2025\/06\/ferme-nomade-comme-une-balade-2022-31-edited-scaled.jpg 2560w, https:\/\/fermenomade.eu\/wp-content\/uploads\/2025\/06\/ferme-nomade-comme-une-balade-2022-31-edited-300x200.jpg 300w, https:\/\/fermenomade.eu\/wp-content\/uploads\/2025\/06\/ferme-nomade-comme-une-balade-2022-31-edited-1024x683.jpg 1024w, https:\/\/fermenomade.eu\/wp-content\/uploads\/2025\/06\/ferme-nomade-comme-une-balade-2022-31-edited-768x512.jpg 768w, https:\/\/fermenomade.eu\/wp-content\/uploads\/2025\/06\/ferme-nomade-comme-une-balade-2022-31-edited-1536x1025.jpg 1536w, https:\/\/fermenomade.eu\/wp-content\/uploads\/2025\/06\/ferme-nomade-comme-une-balade-2022-31-edited-2048x1366.jpg 2048w, https:\/\/fermenomade.eu\/wp-content\/uploads\/2025\/06\/ferme-nomade-comme-une-balade-2022-31-edited-18x12.jpg 18w\" sizes=\"auto, (max-width: 2560px) 100vw, 2560px\" \/><\/figure>\n\n\n\n<h3 class=\"wp-block-heading\">Cl\u00e9mentine Vanlerberghe<\/h3>\n\n\n\n<p style=\"margin-top:0;margin-bottom:0\">En tant que chor\u00e9graphe, son travail est inspir\u00e9 par la pop-culture, l\u2019histoire de l\u2019art, les \u00e9critures s\u00e9rielles et la performance. <\/p>\n<\/div>\n<\/div>\n\n\n\n<div class=\"wp-block-columns is-layout-flex wp-container-core-columns-is-layout-28f84493 wp-block-columns-is-layout-flex\">\n<div class=\"wp-block-column is-layout-flow wp-block-column-is-layout-flow\">\n<figure class=\"wp-block-image size-full\"><img loading=\"lazy\" decoding=\"async\" width=\"750\" height=\"502\" src=\"https:\/\/fermenomade.eu\/wp-content\/uploads\/2025\/06\/Capture-decran-2025-06-12-a-21.01.40.png\" alt=\"\" class=\"wp-image-592\" srcset=\"https:\/\/fermenomade.eu\/wp-content\/uploads\/2025\/06\/Capture-decran-2025-06-12-a-21.01.40.png 750w, https:\/\/fermenomade.eu\/wp-content\/uploads\/2025\/06\/Capture-decran-2025-06-12-a-21.01.40-300x201.png 300w, https:\/\/fermenomade.eu\/wp-content\/uploads\/2025\/06\/Capture-decran-2025-06-12-a-21.01.40-18x12.png 18w\" sizes=\"auto, (max-width: 750px) 100vw, 750px\" \/><\/figure>\n\n\n\n<h3 class=\"wp-block-heading\">Gabriela Tellez<\/h3>\n\n\n\n<p style=\"margin-top:0;margin-bottom:0\">Sa vision photographique s\u2019oriente vers le documentaire storytelling, avec un accent sur les th\u00e8mes du d\u00e9placement et de la qualit\u00e9 de vie dans le quotidien des soci\u00e9t\u00e9s. <\/p>\n<\/div>\n\n\n\n<div class=\"wp-block-column is-layout-flow wp-block-column-is-layout-flow\">\n<figure class=\"wp-block-image size-full\"><img loading=\"lazy\" decoding=\"async\" width=\"784\" height=\"504\" src=\"https:\/\/fermenomade.eu\/wp-content\/uploads\/2025\/06\/Capture-decran-2025-06-12-a-21.03.19.png\" alt=\"\" class=\"wp-image-593\" srcset=\"https:\/\/fermenomade.eu\/wp-content\/uploads\/2025\/06\/Capture-decran-2025-06-12-a-21.03.19.png 784w, https:\/\/fermenomade.eu\/wp-content\/uploads\/2025\/06\/Capture-decran-2025-06-12-a-21.03.19-300x193.png 300w, https:\/\/fermenomade.eu\/wp-content\/uploads\/2025\/06\/Capture-decran-2025-06-12-a-21.03.19-768x494.png 768w, https:\/\/fermenomade.eu\/wp-content\/uploads\/2025\/06\/Capture-decran-2025-06-12-a-21.03.19-18x12.png 18w\" sizes=\"auto, (max-width: 784px) 100vw, 784px\" \/><\/figure>\n\n\n\n<h3 class=\"wp-block-heading\">Or\u00e9lie Paskal<\/h3>\n\n\n\n<p style=\"margin-top:0;margin-bottom:0\">Illustratrice ind\u00e9pendante autour de la narration illustr\u00e9e. Dans son travail, trajets et enqu\u00eates se croisent au gr\u00e9 des collaborations et des rencontres avec les gens, en lien avec le territoire et leurs pens\u00e9es sauvages. <\/p>\n<\/div>\n<\/div>\n\n\n\n<p><br><\/p>\n\n\n\n<p><\/p>","protected":false},"excerpt":{"rendered":"<p>Ferme Nomade a \u00e9t\u00e9 lanc\u00e9e en 2021 pour porter un regard po\u00e9tique sur les histoires et les corps qui circulent dans les lieux agricoles. Par une collecte d\u2019histoires et de gestes et des ateliers cr\u00e9atifs men\u00e9s au sein des fermes, Armelle Verrips, mara\u00eech\u00e8re et artiste, a lanc\u00e9 diff\u00e9rents projets en tant que Fermi\u00e8re Volante. \u00c0 [&hellip;]<\/p>","protected":false},"author":1,"featured_media":0,"parent":0,"menu_order":0,"comment_status":"closed","ping_status":"closed","template":"accueil","meta":{"footnotes":""},"class_list":["post-78","page","type-page","status-publish","hentry"],"_links":{"self":[{"href":"https:\/\/fermenomade.eu\/nl\/wp-json\/wp\/v2\/pages\/78","targetHints":{"allow":["GET"]}}],"collection":[{"href":"https:\/\/fermenomade.eu\/nl\/wp-json\/wp\/v2\/pages"}],"about":[{"href":"https:\/\/fermenomade.eu\/nl\/wp-json\/wp\/v2\/types\/page"}],"author":[{"embeddable":true,"href":"https:\/\/fermenomade.eu\/nl\/wp-json\/wp\/v2\/users\/1"}],"replies":[{"embeddable":true,"href":"https:\/\/fermenomade.eu\/nl\/wp-json\/wp\/v2\/comments?post=78"}],"version-history":[{"count":48,"href":"https:\/\/fermenomade.eu\/nl\/wp-json\/wp\/v2\/pages\/78\/revisions"}],"predecessor-version":[{"id":701,"href":"https:\/\/fermenomade.eu\/nl\/wp-json\/wp\/v2\/pages\/78\/revisions\/701"}],"wp:attachment":[{"href":"https:\/\/fermenomade.eu\/nl\/wp-json\/wp\/v2\/media?parent=78"}],"curies":[{"name":"wp","href":"https:\/\/api.w.org\/{rel}","templated":true}]}}